{"id":9901,"date":"2015-05-12T15:57:59","date_gmt":"2015-05-12T13:57:59","guid":{"rendered":"https:\/\/www.hotelnovecento.it\/riccione\/"},"modified":"2019-01-09T18:44:22","modified_gmt":"2019-01-09T17:44:22","slug":"riccione","status":"publish","type":"page","link":"https:\/\/www.hotelnovecento.it\/fr\/riccione\/","title":{"rendered":"Riccione"},"content":{"rendered":"<h2>Des vacances entre mer, histoire et culture<\/h2>\n<p>Connue sous le nom de Vicus Popilius \u00e0 l&#8217;\u00e9poque des anciens Romains, Riccione conserve encore de nombreuses traces du grand empire : le site original dans la zone de San Lorenzo, le pont sur le Rio Melo et les restes arch\u00e9ologiques de la n\u00e9cropole.<\/p>\n<p>Apr\u00e8s de nombreuses invasions barbares, en 1210, sous la domination des Agolanti, Florentins li\u00e9s \u00e0 la famille Malatesta de Rimini, Riccione conna\u00eet une p\u00e9riode florissante. C&#8217;est de cette p\u00e9riode que date le <strong>beau ch\u00e2teau<\/strong>.<\/p>\n<p>Du XVIe au XIXe si\u00e8cle, la plage prend de l&#8217;importance ; initialement destin\u00e9e \u00e0 la culture du riz, elle devient rapidement l&#8217;objet d&#8217;un projet d&#8217;expansion touristique, qui fera de la ville la <strong>Perle Verte de l&#8217;Adriatique<\/strong>.<\/p>\n<p>De nombreuses villas avec jardins prennent vie : il s&#8217;agit essentiellement de r\u00e9sidences destin\u00e9es aux vacances. Beaucoup de gens c\u00e9l\u00e8bres de l&#8217;\u00e9poque se rendent \u00e0 Riccione, qui est situ\u00e9e sur la jonction ferroviaire Bologne-Anc\u00f4ne.<\/p>\n<p>Dans les derni\u00e8res ann\u00e9es du XIXe si\u00e8cle<strong>, les villas sont progressivement remplac\u00e9es par les premiers h\u00f4tels<\/strong> et le tourisme d&#8217;\u00e9lite fait lentement place au tourisme de masse. La ville abrite la maison de vacances de Benito Mussolini, Villa Mussolini, maintenant ouverte au public.<\/p>\n<p>Importante pour la ville est la<strong> famille Ceccarini<\/strong>, et surtout Maria Borman, \u00e9pouse de M. Ceccarini, qui a donn\u00e9 \u00e0 Riccione d&#8217;importantes sommes d&#8217;argent pour la construction de l&#8217;h\u00f4pital et la r\u00e9alisation de diverses \u0153uvres sociales et humanitaires.<\/p>\n<p>Riccione est toujours une destination touristique pris\u00e9e : <strong>les familles avec enfants choisissent notre Riviera<\/strong> pour ses plages s\u00fbres et bien \u00e9quip\u00e9es, ses parcs d&#8217;attractions et les nombreuses possibilit\u00e9s de divertissement pour les enfants et les adultes.<\/p>\n<p>Les jeunes aiment Riccione pour ses <strong>discoth\u00e8ques et ses clubs branch\u00e9s<\/strong>, tandis que les couples viennent en <strong>Romagne<\/strong> pour le shopping, une excellente cuisine et la possibilit\u00e9 d&#8217;excursions dans l&#8217;arri\u00e8re-pays \u00e0 la d\u00e9couverte des saveurs et des traditions.<\/p>\n","protected":false},"excerpt":{"rendered":"<p>Des vacances entre mer, histoire et culture Connue sous le nom de Vicus Popilius \u00e0 l&#8217;\u00e9poque des anciens Romains, Riccione conserve encore de nombreuses traces du grand empire : le site original dans la zone de San Lorenzo, le pont sur le Rio Melo et les restes arch\u00e9ologiques de la n\u00e9cropole. Apr\u00e8s de nombreuses invasions [&hellip;]<\/p>\n","protected":false},"author":5,"featured_media":0,"parent":0,"menu_order":0,"comment_status":"closed","ping_status":"closed","template":"","meta":{"_acf_changed":false},"class_list":["post-9901","page","type-page","status-publish","hentry"],"acf":[],"aioseo_notices":[],"_links":{"self":[{"href":"https:\/\/www.hotelnovecento.it\/fr\/wp-json\/wp\/v2\/pages\/9901","targetHints":{"allow":["GET"]}}],"collection":[{"href":"https:\/\/www.hotelnovecento.it\/fr\/wp-json\/wp\/v2\/pages"}],"about":[{"href":"https:\/\/www.hotelnovecento.it\/fr\/wp-json\/wp\/v2\/types\/page"}],"author":[{"embeddable":true,"href":"https:\/\/www.hotelnovecento.it\/fr\/wp-json\/wp\/v2\/users\/5"}],"replies":[{"embeddable":true,"href":"https:\/\/www.hotelnovecento.it\/fr\/wp-json\/wp\/v2\/comments?post=9901"}],"version-history":[{"count":0,"href":"https:\/\/www.hotelnovecento.it\/fr\/wp-json\/wp\/v2\/pages\/9901\/revisions"}],"wp:attachment":[{"href":"https:\/\/www.hotelnovecento.it\/fr\/wp-json\/wp\/v2\/media?parent=9901"}],"curies":[{"name":"wp","href":"https:\/\/api.w.org\/{rel}","templated":true}]}}