{"id":1913,"date":"2015-05-12T16:03:06","date_gmt":"2015-05-12T14:03:06","guid":{"rendered":"https:\/\/www.hotelnovecento.it\/tour-entroterra-riccione\/"},"modified":"2017-03-22T16:10:50","modified_gmt":"2017-03-22T15:10:50","slug":"tour-arriere-pays-riccione","status":"publish","type":"page","link":"https:\/\/www.hotelnovecento.it\/fr\/tour-arriere-pays-riccione\/","title":{"rendered":"A ne pas manquer <br>\u00e0 Riccione"},"content":{"rendered":"<h2>A faire et \u00e0 voir pendant votre \u00e9t\u00e9 en Romagne<\/h2>\n<p><strong>Riccione<\/strong> est une ville aux multiples facettes qui <strong>donne de tr\u00e8s nombreuses impulsions \u00e0 vos vacances<\/strong>. Du divertissement dans les parcs \u00e0 th\u00e8me aux v\u00e9ritables itin\u00e9raires historiques et culturels.<\/p>\n<p>Chaque parc s\u00e9duit avec des \u00e9motions uniques. De <strong>Fiabilandia<\/strong>, monde f\u00e9\u00e9rique de la fantaisie, \u00e0 <strong>Aquafan<\/strong> aux nombreux toboggans, ses plongeons \u00e0 couper le souffle et piscines. Il y a aussi <strong>Oltremare<\/strong> et l&#8217;<strong>Aquarium Le Navi de Cattolica<\/strong> pour les passionn\u00e9s d&#8217;animaux marins. Et enfin l&#8217;<strong>Italie en miniature<\/strong>, reproduction \u00e0 l&#8217;\u00e9chelle de notre beau pays et <strong>Mirabilandia<\/strong>, parfait pour les amateurs de montagnes russes et de descentes \u00e0 toute vitesse.<\/p>\n<p><strong>Et que dire de l&#8217;arri\u00e8re-pays de Riccione ?<\/strong><\/p>\n<p><strong>La forteresse de San Leo<\/strong> est sans aucun doute l&#8217;une des plus belles. Situ\u00e9e sur un inaccessible \u00e9peron rocheux, le comte de Cagliostro y a v\u00e9cu ses derni\u00e8res ann\u00e9es. <strong>Verucchio<\/strong>, aux origines tr\u00e8s anciennes qui remontent \u00e0 avant le X<sup>e<\/sup> si\u00e8cle av. J.-C. qui t\u00e9moigne du passage de la civilisation villanovienne, et la <strong>R\u00e9publique de Saint-Marin<\/strong>, la plus ancienne au monde, avec ses imposantes tours d&#8217;origine m\u00e9di\u00e9vale. Et enfin le <strong>ch\u00e2teau de Gradara<\/strong> qui a appartenu \u00e0 la maison des Malatesta, connu pour avoir \u00e9t\u00e9 mentionn\u00e9 par Dante dans le V<sup>e<\/sup> Chant de l&#8217;<em>Enfer<\/em>, th\u00e9\u00e2tre de l&#8217;amour entre Paolo et Francesca.<\/p>\n<div class=\"edt-row-shortcode row\"><br \/>\n<div class=\"edt-div-shortcode edt-col-1\"><\/p>\n<h2>Toutes les manifestation de l&#8217;\u00e9t\u00e9 \u00e0 Riccione:<\/h2>\n<h3>Juin<\/h3>\n<ul>\n<li><strong>Gradara<\/strong> : reconstitutions historiques dans le village<\/li>\n<li><strong>Riccione<\/strong> Riccione e Deejay training Centre<\/li>\n<li><strong>Rimini<\/strong> Al Men\u00ec Ciroc march\u00e9 des saveurs<\/li>\n<li><strong>Misano<\/strong> Superbike World Championship<\/li>\n<li><strong>Rimini<\/strong> M\u00f4le Street Parade<\/li>\n<\/ul>\n<h3>Juillet<\/h3>\n<ul>\n<li><strong>Riviera<\/strong> Notte Rosa (Nuit Rose)<\/li>\n<li><strong>Riccione<\/strong> Cin\u00e8 journ\u00e9es du Cin\u00e9ma<\/li>\n<li><strong>Riccione<\/strong> &#8211; Festival del Sole (Festival du Soleil)<\/li>\n<li><strong>Gradara<\/strong> &#8211; Assedio al castello (Si\u00e8ge du Ch\u00e2teau)<\/li>\n<li><strong>Bellaria<\/strong> lo sbarco dei Saraceni (D\u00e9barquement des Sarrasins)<\/li>\n<\/ul>\n<h3>Ao\u00fbt<\/h3>\n<ul>\n<li><strong>Bellaria<\/strong> Igea Marina Riviera Beach Run<\/li>\n<li><strong>Rimini<\/strong> Color Run<\/li>\n<li><strong>Riviera<\/strong> Ferragosto (15 ao\u00fbt)<\/li>\n<li><strong>Gradara<\/strong> Magic Castle<\/li>\n<\/ul>\n<p><img loading=\"lazy\" decoding=\"async\" class=\"wp-image-1240 alignleft\" src=\"https:\/\/www.hotelnovecento.it\/wp-content\/uploads\/2015\/05\/hotel-vicino-gradara-hotel-novecento-riccione.jpg\" alt=\"hotel-vicino-gradara-hotel-novecento-riccionevhotel-vicino-gradara-hotel-novecento-riccione\" width=\"300\" height=\"128\" srcset=\"https:\/\/www.hotelnovecento.it\/wp-content\/uploads\/2015\/05\/hotel-vicino-gradara-hotel-novecento-riccione.jpg 2000w, https:\/\/www.hotelnovecento.it\/wp-content\/uploads\/2015\/05\/hotel-vicino-gradara-hotel-novecento-riccione-768x328.jpg 768w\" sizes=\"auto, (max-width: 300px) 100vw, 300px\" \/><\/p>\n<p>&nbsp;<\/p>\n<p>&nbsp;<\/p>\n<p>&nbsp;<\/p>\n<p><img loading=\"lazy\" decoding=\"async\" class=\"wp-image-1236 alignleft\" src=\"https:\/\/www.hotelnovecento.it\/wp-content\/uploads\/2015\/05\/hotel-vicino-parchi-divertimento-hotel-novecento-acquario-cattolica.jpg\" alt=\"hotel-vicino-parchi-divertimento-hotel-novecento-acquario-cattolicahotel-vicino-parchi-divertimento-hotel-novecento-acquario-cattolica\" width=\"300\" height=\"128\" srcset=\"https:\/\/www.hotelnovecento.it\/wp-content\/uploads\/2015\/05\/hotel-vicino-parchi-divertimento-hotel-novecento-acquario-cattolica.jpg 2000w, https:\/\/www.hotelnovecento.it\/wp-content\/uploads\/2015\/05\/hotel-vicino-parchi-divertimento-hotel-novecento-acquario-cattolica-768x328.jpg 768w\" sizes=\"auto, (max-width: 300px) 100vw, 300px\" \/><\/p>\n<p>&nbsp;<\/p>\n<p>&nbsp;<\/p>\n<p>&nbsp;<\/p>\n<p><img loading=\"lazy\" decoding=\"async\" class=\"alignleft wp-image-1239\" src=\"https:\/\/www.hotelnovecento.it\/wp-content\/uploads\/2015\/05\/hotel-vicino-san-marino-hotel-novecento-riccione.jpg\" alt=\"hotel-vicino-san-marino-hotel-novecento-riccione\" width=\"300\" height=\"128\" srcset=\"https:\/\/www.hotelnovecento.it\/wp-content\/uploads\/2015\/05\/hotel-vicino-san-marino-hotel-novecento-riccione.jpg 2000w, https:\/\/www.hotelnovecento.it\/wp-content\/uploads\/2015\/05\/hotel-vicino-san-marino-hotel-novecento-riccione-768x328.jpg 768w\" sizes=\"auto, (max-width: 300px) 100vw, 300px\" \/><\/p>\n<p>&nbsp;<\/p>\n<p><\/div><br \/>\n<div class=\"edt-div-shortcode edt-col-2\"><\/p>\n<h2>Tous les rendez-vous de l&#8217;h\u00f4tel Novecento<\/h2>\n<p>A l&#8217;h\u00f4tel Novecento, on ne se lasse jamais ; <strong>toute la semaine<\/strong>, nous souhaitons vous \u00e9tonner avec <strong>des rendez-vous sp\u00e9ciaux<\/strong> pour que vos vacances soient inoubliables.<\/p>\n<p>5 jours par semaine, un r\u00e9veil en douceur vous attend. Notre p\u00e2tissier vous attend <strong>au bord de la piscine<\/strong> pour vous faire d\u00e9guster <strong>des cr\u00eapes tr\u00e8s parfum\u00e9es faites au dernier moment, \u00e0 garnir comme vous le souhaitez<\/strong>, un gourmandise pour les grands et les petits.<\/p>\n<p>Et naturellement, les adultes ne sont pas oubli\u00e9s. Que vous adoriez les bulles d&#8217;un Prosecco AOC ou les notes douces-am\u00e8res d&#8217;une boisson sans alcool, notre <strong>ap\u00e9ritif en plein air avec buffet d&#8217;amuse-gueules<\/strong> sera le bienvenu apr\u00e8s une magnifique journ\u00e9e \u00e0 la plage. L&#8217;ap\u00e9ritif est pr\u00e9par\u00e9 pour vous trois fois par semaine au bord de la piscine.<\/p>\n<p>C&#8217;est bien connu, la Romagne est synonyme de bonne cuisine et d&#8217;envie d&#8217;\u00eatre ensemble. Voil\u00e0 pourquoi au Novecento nous avons eu l&#8217;id\u00e9e d&#8217;une soir\u00e9e sp\u00e9ciale, le<strong> d\u00eener de gala du jeudi<\/strong>, pour mieux se conna\u00eetre et gouter aux d\u00e9lices de la r\u00e9gion, des savoureux fromages et salaisons de l&#8217;arri\u00e8re-pays au poisson frais de l&#8217;Adriatique. Tout cela avec une s\u00e9lection de vins de production locale de grande renomm\u00e9e, comme le Sangiovese sup\u00e9rieur vieilli en barriques et le Pignoletto.<\/p>\n<p>Mais de l&#8217;avis g\u00e9n\u00e9ral, le moment le plus f\u00e9\u00e9rique est le <strong>dimanche soir<\/strong>. Enfilez la tenue qui fait de vous une personnes sp\u00e9ciale et mettez votre parfum favori.<strong> Nous vous attendons au bord de la piscine avec le Grand Buffet de Fruits et de Douceurs<\/strong>. L&#8217;atmosph\u00e8re est vraiment magique.<\/p>\n<p>Lueurs diffuses de bougies, musique de fond, des desserts beaux et exquis, une grande vari\u00e9t\u00e9 de fruits et un verre sp\u00e9cial sous les \u00e9toiles, avec de vieux et de nouveaux amis. Avec nous.<\/p>\n<p>Tous les desserts sont pr\u00e9par\u00e9s au cours de la journ\u00e9e pour \u00eatre servis apr\u00e8s le d\u00eener. Une s\u00e9lection de douceurs qui invitent, pour une soir\u00e9e, \u00e0 se laisser tenter. Et l&#8217;esth\u00e9tique n&#8217;est pas en reste, avec de nombreux bibelots, d&#8217;\u00e9l\u00e9gants serviteurs, la lueur diffuse de bougies,<\/p>\n<p><strong>Le tout baign\u00e9 par une musique d&#8217;ambiance<\/strong>.<\/p>\n<p><strong>L&#8217;occasion id\u00e9ale pour se rencontrer et trinquer ensemble aux vacances m\u00e9rit\u00e9es \u00e0 la mer, \u00e0 Riccione<\/strong>.<\/p>\n<p><\/div><br \/>\n<\/div>\n","protected":false},"excerpt":{"rendered":"<p>A faire et \u00e0 voir pendant votre \u00e9t\u00e9 en Romagne Riccione est une ville aux multiples facettes qui donne de tr\u00e8s nombreuses impulsions \u00e0 vos vacances. Du divertissement dans les parcs \u00e0 th\u00e8me aux v\u00e9ritables itin\u00e9raires historiques et culturels. Chaque parc s\u00e9duit avec des \u00e9motions uniques. De Fiabilandia, monde f\u00e9\u00e9rique de la fantaisie, \u00e0 Aquafan [&hellip;]<\/p>\n","protected":false},"author":5,"featured_media":0,"parent":0,"menu_order":0,"comment_status":"closed","ping_status":"closed","template":"","meta":{"_acf_changed":false},"class_list":["post-1913","page","type-page","status-publish","hentry"],"acf":[],"aioseo_notices":[],"_links":{"self":[{"href":"https:\/\/www.hotelnovecento.it\/fr\/wp-json\/wp\/v2\/pages\/1913","targetHints":{"allow":["GET"]}}],"collection":[{"href":"https:\/\/www.hotelnovecento.it\/fr\/wp-json\/wp\/v2\/pages"}],"about":[{"href":"https:\/\/www.hotelnovecento.it\/fr\/wp-json\/wp\/v2\/types\/page"}],"author":[{"embeddable":true,"href":"https:\/\/www.hotelnovecento.it\/fr\/wp-json\/wp\/v2\/users\/5"}],"replies":[{"embeddable":true,"href":"https:\/\/www.hotelnovecento.it\/fr\/wp-json\/wp\/v2\/comments?post=1913"}],"version-history":[{"count":0,"href":"https:\/\/www.hotelnovecento.it\/fr\/wp-json\/wp\/v2\/pages\/1913\/revisions"}],"wp:attachment":[{"href":"https:\/\/www.hotelnovecento.it\/fr\/wp-json\/wp\/v2\/media?parent=1913"}],"curies":[{"name":"wp","href":"https:\/\/api.w.org\/{rel}","templated":true}]}}