{"id":1905,"date":"2015-05-12T16:20:58","date_gmt":"2015-05-12T14:20:58","guid":{"rendered":"https:\/\/www.hotelnovecento.it\/spiaggia-riccione\/"},"modified":"2019-04-23T23:36:28","modified_gmt":"2019-04-23T21:36:28","slug":"plage-riccione","status":"publish","type":"page","link":"https:\/\/www.hotelnovecento.it\/fr\/plage-riccione\/","title":{"rendered":"Mer et plage pour <br>occuper votre journ\u00e9e"},"content":{"rendered":"<p>En qualit\u00e9 de client de l&#8217;h\u00f4tel Novecento,<strong> vous avez \u00e0 disposition deux plages conventionn\u00e9es<\/strong>, le Bagnino Otello 99 et la Spiaggia delle Donne 97.<br \/>\nChoisissez celle qui vous convient le mieux.<\/p>\n<p><strong>Le Bagnino Otello propose une atmosph\u00e8re tranquille et gaie :<\/strong><\/p>\n<ul>\n<li>Cabines, vestiaires et d\u00e9p\u00f4ts gratuits<\/li>\n<li>Nombreux services pour les enfants comme la garderie,<strong> les toilettes b\u00e9b\u00e9 et le bracelet anti-\u00e9garement<\/strong> gratuit.<\/li>\n<li>Il existe aussi un <strong>espace jeux et un mini-club<\/strong> o\u00f9 sont organis\u00e9s des go\u00fbters \u00e0 th\u00e8me, comme Nutella-party, journ\u00e9e popcorn et piadina pour b\u00e9b\u00e9.<\/li>\n<\/ul>\n<p><strong>A la Spiaggia delle Donne, Bain 97, les ma\u00eetres nageurs Daniela, Domenico et Marco vous attendent dans une atmosph\u00e8re vraiment festive:<\/strong><\/p>\n<ul>\n<li>Pour les enfants : <strong>cabine vestiaire et toilettes b\u00e9b\u00e9<\/strong>, coin jeux (\u00e9vitez de porter les jouets de la maison) et mini-club toute la semaine.<\/li>\n<li>Pour les jeunes, des f\u00eates \u00e0 th\u00e8me et soir\u00e9es sont organis\u00e9es, \u00e0 la recherche de l&#8217;\u00e2me s\u0153ur.<\/li>\n<li>Et bien des moments d&#8217;\u00e9motion et amusants. Apprenez avec les ma\u00eetres nageurs <strong>comment faire la piadina romagnole, ou comment pagayer debout avec le stand up paddle<\/strong>. Et vers le soir, projetez en l&#8217;air les lanternes des d\u00e9sirs, typiques des plages tha\u00eflandaises.<\/li>\n<\/ul>\n<div class='wpmf-gallerys'><div id=\"gallery-1\"\n data-gutter-width=\"5\"\n  data-wpmfcolumns=\"3\" class=\"gallery gallery-link-file gallery-masonry galleryid-1905 gallery-columns-3 gallery-size-thumbnail wpmf-gallery-bottomspace-default wpmf-gallery-clear\"><div class=\"wpmf-gallery-item\n     wpmf-gallery-item-position-1 wpmf-gallery-item-attachment-9531\"><div class=\"gallery-icon landscape\"><a class=\" not_video\" data-lightbox=\"1\" href=\"https:\/\/www.hotelnovecento.it\/wp-content\/uploads\/2018\/09\/Bagno-99-3.jpeg\" data-title=\"Bagno 99\" title=\"Bagno 99\" target=\"\" data-size=\"850x538\"><img loading=\"lazy\" decoding=\"async\" width=\"360\" height=\"270\" src=\"https:\/\/www.hotelnovecento.it\/wp-content\/uploads\/2018\/09\/Bagno-99-3-360x270.jpeg\" class=\"attachment-thumbnail size-thumbnail\" alt=\"\" data-type=\"wpmfgalleryimg\" data-lazy-src=\"0\" srcset=\"https:\/\/www.hotelnovecento.it\/wp-content\/uploads\/2018\/09\/Bagno-99-3-360x270.jpeg 360w, https:\/\/www.hotelnovecento.it\/wp-content\/uploads\/2018\/09\/Bagno-99-3-640x480.jpeg 640w, https:\/\/www.hotelnovecento.it\/wp-content\/uploads\/2018\/09\/Bagno-99-3-720x538.jpeg 720w\" sizes=\"auto, (max-width: 360px) 100vw, 360px\" \/><\/a><\/div><\/div><div class=\"wpmf-gallery-item\n     wpmf-gallery-item-position-2 wpmf-gallery-item-attachment-9515\"><div class=\"gallery-icon landscape\"><a class=\" not_video\" data-lightbox=\"1\" href=\"https:\/\/www.hotelnovecento.it\/wp-content\/uploads\/2018\/09\/Giochi-Bagno-99-1500x855.jpeg\" data-title=\"Giochi-Bagno-99\" title=\"Giochi-Bagno-99\" target=\"\" data-size=\"1500x950\"><img loading=\"lazy\" decoding=\"async\" width=\"360\" height=\"270\" src=\"https:\/\/www.hotelnovecento.it\/wp-content\/uploads\/2018\/09\/Giochi-Bagno-99-360x270.jpeg\" class=\"attachment-thumbnail size-thumbnail\" alt=\"\" data-type=\"wpmfgalleryimg\" data-lazy-src=\"0\" srcset=\"https:\/\/www.hotelnovecento.it\/wp-content\/uploads\/2018\/09\/Giochi-Bagno-99-360x270.jpeg 360w, https:\/\/www.hotelnovecento.it\/wp-content\/uploads\/2018\/09\/Giochi-Bagno-99-640x480.jpeg 640w\" sizes=\"auto, (max-width: 360px) 100vw, 360px\" \/><\/a><\/div><\/div><div class=\"wpmf-gallery-item\n     wpmf-gallery-item-position-3 wpmf-gallery-item-attachment-9535\"><div class=\"gallery-icon landscape\"><a class=\" not_video\" data-lightbox=\"1\" href=\"https:\/\/www.hotelnovecento.it\/wp-content\/uploads\/2018\/09\/Bagno-99-4.jpeg\" data-title=\"Bagno-99\" title=\"Bagno-99\" target=\"\" data-size=\"850x538\"><img loading=\"lazy\" decoding=\"async\" width=\"360\" height=\"270\" src=\"https:\/\/www.hotelnovecento.it\/wp-content\/uploads\/2018\/09\/Bagno-99-4-360x270.jpeg\" class=\"attachment-thumbnail size-thumbnail\" alt=\"\" data-type=\"wpmfgalleryimg\" data-lazy-src=\"0\" srcset=\"https:\/\/www.hotelnovecento.it\/wp-content\/uploads\/2018\/09\/Bagno-99-4-360x270.jpeg 360w, https:\/\/www.hotelnovecento.it\/wp-content\/uploads\/2018\/09\/Bagno-99-4-640x480.jpeg 640w, https:\/\/www.hotelnovecento.it\/wp-content\/uploads\/2018\/09\/Bagno-99-4-720x538.jpeg 720w\" sizes=\"auto, (max-width: 360px) 100vw, 360px\" \/><\/a><\/div><\/div><div class=\"wpmf-gallery-item\n     wpmf-gallery-item-position-4 wpmf-gallery-item-attachment-9547\"><div class=\"gallery-icon landscape\"><a class=\" not_video\" data-lightbox=\"1\" href=\"https:\/\/www.hotelnovecento.it\/wp-content\/uploads\/2018\/09\/spiaggia-97-1.jpg\" data-title=\"spiaggia-97\" title=\"spiaggia-97\" target=\"\" data-size=\"850x538\"><img loading=\"lazy\" decoding=\"async\" width=\"360\" height=\"270\" src=\"https:\/\/www.hotelnovecento.it\/wp-content\/uploads\/2018\/09\/spiaggia-97-1-360x270.jpg\" class=\"attachment-thumbnail size-thumbnail\" alt=\"\" data-type=\"wpmfgalleryimg\" data-lazy-src=\"0\" srcset=\"https:\/\/www.hotelnovecento.it\/wp-content\/uploads\/2018\/09\/spiaggia-97-1-360x270.jpg 360w, https:\/\/www.hotelnovecento.it\/wp-content\/uploads\/2018\/09\/spiaggia-97-1-640x480.jpg 640w, https:\/\/www.hotelnovecento.it\/wp-content\/uploads\/2018\/09\/spiaggia-97-1-720x538.jpg 720w\" sizes=\"auto, (max-width: 360px) 100vw, 360px\" \/><\/a><\/div><\/div><div class=\"wpmf-gallery-item\n     wpmf-gallery-item-position-5 wpmf-gallery-item-attachment-9527\"><div class=\"gallery-icon landscape\"><a class=\" not_video\" data-lightbox=\"1\" href=\"https:\/\/www.hotelnovecento.it\/wp-content\/uploads\/2018\/09\/Bagno-97-1.jpg\" data-title=\"Bagno 97\" title=\"Bagno 97\" target=\"\" data-size=\"850x538\"><img loading=\"lazy\" decoding=\"async\" width=\"360\" height=\"270\" src=\"https:\/\/www.hotelnovecento.it\/wp-content\/uploads\/2018\/09\/Bagno-97-1-360x270.jpg\" class=\"attachment-thumbnail size-thumbnail\" alt=\"\" data-type=\"wpmfgalleryimg\" data-lazy-src=\"0\" srcset=\"https:\/\/www.hotelnovecento.it\/wp-content\/uploads\/2018\/09\/Bagno-97-1-360x270.jpg 360w, https:\/\/www.hotelnovecento.it\/wp-content\/uploads\/2018\/09\/Bagno-97-1-640x480.jpg 640w, https:\/\/www.hotelnovecento.it\/wp-content\/uploads\/2018\/09\/Bagno-97-1-720x538.jpg 720w\" sizes=\"auto, (max-width: 360px) 100vw, 360px\" \/><\/a><\/div><\/div><div class=\"wpmf-gallery-item\n     wpmf-gallery-item-position-6 wpmf-gallery-item-attachment-9543\"><div class=\"gallery-icon landscape\"><a class=\" not_video\" data-lightbox=\"1\" href=\"https:\/\/www.hotelnovecento.it\/wp-content\/uploads\/2018\/09\/parco-giochi-spiaggia-97-1.jpg\" data-title=\"parco-giochi-spiaggia-97\" title=\"parco-giochi-spiaggia-97\" target=\"\" data-size=\"850x538\"><img loading=\"lazy\" decoding=\"async\" width=\"360\" height=\"270\" src=\"https:\/\/www.hotelnovecento.it\/wp-content\/uploads\/2018\/09\/parco-giochi-spiaggia-97-1-360x270.jpg\" class=\"attachment-thumbnail size-thumbnail\" alt=\"\" data-type=\"wpmfgalleryimg\" data-lazy-src=\"0\" srcset=\"https:\/\/www.hotelnovecento.it\/wp-content\/uploads\/2018\/09\/parco-giochi-spiaggia-97-1-360x270.jpg 360w, https:\/\/www.hotelnovecento.it\/wp-content\/uploads\/2018\/09\/parco-giochi-spiaggia-97-1-640x480.jpg 640w, https:\/\/www.hotelnovecento.it\/wp-content\/uploads\/2018\/09\/parco-giochi-spiaggia-97-1-720x538.jpg 720w\" sizes=\"auto, (max-width: 360px) 100vw, 360px\" \/><\/a><\/div><\/div><\/div><\/div>\n\n","protected":false},"excerpt":{"rendered":"<p>En qualit\u00e9 de client de l&#8217;h\u00f4tel Novecento, vous avez \u00e0 disposition deux plages conventionn\u00e9es, le Bagnino Otello 99 et la Spiaggia delle Donne 97. Choisissez celle qui vous convient le mieux. Le Bagnino Otello propose une atmosph\u00e8re tranquille et gaie : Cabines, vestiaires et d\u00e9p\u00f4ts gratuits Nombreux services pour les enfants comme la garderie, les [&hellip;]<\/p>\n","protected":false},"author":5,"featured_media":0,"parent":0,"menu_order":0,"comment_status":"closed","ping_status":"closed","template":"","meta":{"_acf_changed":false},"class_list":["post-1905","page","type-page","status-publish","hentry"],"acf":[],"aioseo_notices":[],"_links":{"self":[{"href":"https:\/\/www.hotelnovecento.it\/fr\/wp-json\/wp\/v2\/pages\/1905","targetHints":{"allow":["GET"]}}],"collection":[{"href":"https:\/\/www.hotelnovecento.it\/fr\/wp-json\/wp\/v2\/pages"}],"about":[{"href":"https:\/\/www.hotelnovecento.it\/fr\/wp-json\/wp\/v2\/types\/page"}],"author":[{"embeddable":true,"href":"https:\/\/www.hotelnovecento.it\/fr\/wp-json\/wp\/v2\/users\/5"}],"replies":[{"embeddable":true,"href":"https:\/\/www.hotelnovecento.it\/fr\/wp-json\/wp\/v2\/comments?post=1905"}],"version-history":[{"count":0,"href":"https:\/\/www.hotelnovecento.it\/fr\/wp-json\/wp\/v2\/pages\/1905\/revisions"}],"wp:attachment":[{"href":"https:\/\/www.hotelnovecento.it\/fr\/wp-json\/wp\/v2\/media?parent=1905"}],"curies":[{"name":"wp","href":"https:\/\/api.w.org\/{rel}","templated":true}]}}