{"id":1901,"date":"2016-12-29T16:57:57","date_gmt":"2016-12-29T15:57:57","guid":{"rendered":"https:\/\/www.hotelnovecento.it\/palestra\/"},"modified":"2017-03-22T15:20:49","modified_gmt":"2017-03-22T14:20:49","slug":"salle-de-sport","status":"publish","type":"page","link":"https:\/\/www.hotelnovecento.it\/fr\/salle-de-sport\/","title":{"rendered":"Salle de sport"},"content":{"rendered":"<h2>Restez en forme \u00e0 l&#8217;h\u00f4tel Novecento<\/h2>\n<p>Glissez dans la valise vos chaussures de tennis, un tee-shirt et des pantalons confortables.<br \/>\n\u00c0 l\u2019h\u00f4tel Novecento se trouve un coin fitness avec tapis Technogym, des \u00e9quipements, un sauna et une douche solaire.<\/p>\n","protected":false},"excerpt":{"rendered":"<p>Restez en forme \u00e0 l&#8217;h\u00f4tel Novecento Glissez dans la valise vos chaussures de tennis, un tee-shirt et des pantalons confortables. \u00c0 l\u2019h\u00f4tel Novecento se trouve un coin fitness avec tapis Technogym, des \u00e9quipements, un sauna et une douche solaire.<\/p>\n","protected":false},"author":1,"featured_media":0,"parent":0,"menu_order":0,"comment_status":"closed","ping_status":"closed","template":"","meta":{"_acf_changed":false},"class_list":["post-1901","page","type-page","status-publish","hentry"],"acf":[],"aioseo_notices":[],"_links":{"self":[{"href":"https:\/\/www.hotelnovecento.it\/fr\/wp-json\/wp\/v2\/pages\/1901","targetHints":{"allow":["GET"]}}],"collection":[{"href":"https:\/\/www.hotelnovecento.it\/fr\/wp-json\/wp\/v2\/pages"}],"about":[{"href":"https:\/\/www.hotelnovecento.it\/fr\/wp-json\/wp\/v2\/types\/page"}],"author":[{"embeddable":true,"href":"https:\/\/www.hotelnovecento.it\/fr\/wp-json\/wp\/v2\/users\/1"}],"replies":[{"embeddable":true,"href":"https:\/\/www.hotelnovecento.it\/fr\/wp-json\/wp\/v2\/comments?post=1901"}],"version-history":[{"count":0,"href":"https:\/\/www.hotelnovecento.it\/fr\/wp-json\/wp\/v2\/pages\/1901\/revisions"}],"wp:attachment":[{"href":"https:\/\/www.hotelnovecento.it\/fr\/wp-json\/wp\/v2\/media?parent=1901"}],"curies":[{"name":"wp","href":"https:\/\/api.w.org\/{rel}","templated":true}]}}