{"id":1896,"date":"2016-12-28T13:53:55","date_gmt":"2016-12-28T12:53:55","guid":{"rendered":"https:\/\/www.hotelnovecento.it\/servizio-biciclette\/"},"modified":"2017-03-22T15:12:41","modified_gmt":"2017-03-22T14:12:41","slug":"service-velos","status":"publish","type":"page","link":"https:\/\/www.hotelnovecento.it\/fr\/service-velos\/","title":{"rendered":"Utilisation gratuite du v\u00e9lo"},"content":{"rendered":"<h2>Votre v\u00e9lo pour d\u00e9couvrir Riccione et son arri\u00e8re-pays<\/h2>\n<p>Riccione est une ville \u00e0 vivre, de jour comme de nuit, et le v\u00e9lo est le meilleur moyen de le faire. <strong>L&#8217;h\u00f4tel Novecento met \u00e0 disposition<\/strong> de ses clients <strong>une s\u00e9rie de v\u00e9los de ville \u00e0 usage gratuit<\/strong>, parfaits pour se d\u00e9placer pendant les vacances \u00e0 la mer.<\/p>\n<p><strong>Certains v\u00e9los sont \u00e9quip\u00e9s de si\u00e8ges pour enfants<\/strong>, pour une balade en famille reposante sur le bord de mer.<\/p>\n<p>Et si vous aimez l&#8217;aventure \u00e0 deux-roues, \u00e0 quelques m\u00e8tres de l&#8217;h\u00f4tel le <strong>Decibel Zero est une v\u00e9ritable r\u00e9f\u00e9rence pour tous les amateurs de cyclotourisme \u00e0 Riccione. Vous pourrez y louer<\/strong> tout type de v\u00e9lo (du VTT traditionnel au v\u00e9lo \u00e9lectrique <strong>et partir pour des sorties organis\u00e9es sur les meilleurs parcours cyclables de Romagne<\/strong>.<\/p>\n<p>Nous serons ravis d\u2019organiser pour vous et avec vous une divertissante sortie dans notre arri\u00e8re-pays \u00e0 la d\u00e9couverte des vertes collines romagnoles et de paysages \u00e0 couper le souffle.<\/p>\n","protected":false},"excerpt":{"rendered":"<p>Votre v\u00e9lo pour d\u00e9couvrir Riccione et son arri\u00e8re-pays Riccione est une ville \u00e0 vivre, de jour comme de nuit, et le v\u00e9lo est le meilleur moyen de le faire. L&#8217;h\u00f4tel Novecento met \u00e0 disposition de ses clients une s\u00e9rie de v\u00e9los de ville \u00e0 usage gratuit, parfaits pour se d\u00e9placer pendant les vacances \u00e0 la [&hellip;]<\/p>\n","protected":false},"author":1,"featured_media":0,"parent":0,"menu_order":0,"comment_status":"closed","ping_status":"closed","template":"","meta":{"_acf_changed":false},"class_list":["post-1896","page","type-page","status-publish","hentry"],"acf":[],"aioseo_notices":[],"_links":{"self":[{"href":"https:\/\/www.hotelnovecento.it\/fr\/wp-json\/wp\/v2\/pages\/1896","targetHints":{"allow":["GET"]}}],"collection":[{"href":"https:\/\/www.hotelnovecento.it\/fr\/wp-json\/wp\/v2\/pages"}],"about":[{"href":"https:\/\/www.hotelnovecento.it\/fr\/wp-json\/wp\/v2\/types\/page"}],"author":[{"embeddable":true,"href":"https:\/\/www.hotelnovecento.it\/fr\/wp-json\/wp\/v2\/users\/1"}],"replies":[{"embeddable":true,"href":"https:\/\/www.hotelnovecento.it\/fr\/wp-json\/wp\/v2\/comments?post=1896"}],"version-history":[{"count":0,"href":"https:\/\/www.hotelnovecento.it\/fr\/wp-json\/wp\/v2\/pages\/1896\/revisions"}],"wp:attachment":[{"href":"https:\/\/www.hotelnovecento.it\/fr\/wp-json\/wp\/v2\/media?parent=1896"}],"curies":[{"name":"wp","href":"https:\/\/api.w.org\/{rel}","templated":true}]}}