{"id":1888,"date":"2015-05-12T16:36:53","date_gmt":"2015-05-12T14:36:53","guid":{"rendered":"https:\/\/www.hotelnovecento.it\/ristorante\/"},"modified":"2025-04-02T15:40:29","modified_gmt":"2025-04-02T13:40:29","slug":"petit-dejeuner","status":"publish","type":"page","link":"https:\/\/www.hotelnovecento.it\/fr\/petit-dejeuner\/","title":{"rendered":"Un petit-d\u00e9jeuner avec vue sur la mer"},"content":{"rendered":"<h2>Moments de go\u00fbt et de libert\u00e9 pour des vacances \u00e9l\u00e9gantes au bord de la mer \u00e0 Riccione.<\/h2>\n<p>Qualit\u00e9, \u00e9l\u00e9gance et go\u00fbt.<\/p>\n<p>L&#8217;H\u00f4tel Novecento sait conqu\u00e9rir le palais de ses h\u00f4tes, en offrant chaque matin des moments inestimables de d\u00e9tente agr\u00e9able, pour que chaque r\u00e9veil soit vraiment un bon matin.<\/p>\n<h3>Le r\u00e9veil est une chose magique et douce \u00e0 l&#8217;h\u00f4tel Novecento.<\/h3>\n<p>L&#8217;ar\u00f4me du v\u00e9ritable caf\u00e9 expresso et les bienfaits de nombreuses sp\u00e9cialit\u00e9s sucr\u00e9es et sal\u00e9es fra\u00eechement pr\u00e9par\u00e9es vous accueillent le matin dans la salle de petit-d\u00e9jeuner.<br \/>\nLe <strong>buffet<\/strong> est \u00e0 votre disposition de <strong>7h30 \u00e0 11h00<\/strong>. Profitez de votre petit-d\u00e9jeuner o\u00f9 vous pr\u00e9f\u00e9rez: dans la salle du petit-d\u00e9jeuner ou au bord de la piscine, en plein air.<br \/>\n\u00c0 l&#8217;H\u00f4tel Novecento, c&#8217;est votre moment de pur plaisir \u00e0 vivre.<\/p>\n<p>Le caf\u00e9 au m\u00e9lange unique et \u00e0 l&#8217;ar\u00f4me intense est moulu en grains et en expresso. <strong>L&#8217;excellence est servie<\/strong> dans un m\u00e9lange de propositions qui savent conqu\u00e9rir votre palais d\u00e8s le matin, parmi lesquelles des g\u00e2teaux faits maison, des croissants, des charcuteries et charcuteries de premi\u00e8re qualit\u00e9 et un coin de propositions l\u00e9g\u00e8res.<\/p>\n<p>Si toutefois vous souhaitez vous offrir un r\u00e9veil lent et vous faire plaisir jusque tard dans la matin\u00e9e, r\u00e9servez le Room Service et profitez du luxe d&#8217;un <strong>petit-d\u00e9jeuner servi dans votre chambre jusqu&#8217;\u00e0 12h00<\/strong>.<\/p>\n<h3>D\u00e9jeuner &#8220;autour de la Romagne&#8221; ou \u00e0 notre Snack Bar<\/h3>\n<p>Au d\u00e9jeuner, vous \u00eates libre de choisir ce que vous pr\u00e9f\u00e9rez et de manger o\u00f9 bon vous semble.<\/p>\n<p>Demandez conseil \u00e0 la r\u00e9ception sur les meilleurs restaurants \u00e0 ne pas manquer dans les environs: nous avons des accords avec de nombreux <strong>restaurants o\u00f9 vous pourrez d\u00e9jeuner \u00e0 prix r\u00e9duit<\/strong>!<\/p>\n<p>Sinon, si vous pr\u00e9f\u00e9rez s\u00e9journer \u00e0 l&#8217;h\u00f4tel, notre Pool Bar vous propose une <strong>petite carte de snacks savoureux et l\u00e9gers<\/strong>.<\/p>\n<h3>Ap\u00e9ritifs et cocktails au coucher du soleil, au bord de la piscine<\/h3>\n<p>Le Pool Bar est ouvert tous les jours de 17h00 \u00e0 22h00 et notre barman professionnel vous accueillera avec une <strong>riche liste de cocktails<\/strong> au choix.<\/p>\n<p>Nous avons s\u00e9lectionn\u00e9 les liqueurs les plus recherch\u00e9es et de qualit\u00e9 pour nos clients.<\/p>\n<p>Et pour tous les amoureux du Italian Life Style, nous organisons chaque semaine des <strong>d\u00e9gustations de mets et de vins<\/strong>, avec des vins et des produits gastronomiques fi\u00e8rement locaux \u00e0 z\u00e9ro km.<\/p>\n<p>&nbsp;<\/p>\n<div class='wpmf-gallerys'><div id=\"gallery-1\"\n data-gutter-width=\"5\"\n  data-wpmfcolumns=\"3\" class=\"gallery gallery-link-file gallery-masonry galleryid-1888 gallery-columns-3 gallery-size-thumbnail wpmf-gallery-bottomspace-default wpmf-gallery-clear\"><div class=\"wpmf-gallery-item\n     wpmf-gallery-item-position-1 wpmf-gallery-item-attachment-17004\"><div class=\"gallery-icon landscape\"><a class=\" not_video\" data-lightbox=\"1\" href=\"https:\/\/www.hotelnovecento.it\/wp-content\/uploads\/2023\/12\/V5Y1583-2.jpg\" data-title=\"_V5Y1583 2\" title=\"_V5Y1583 2\" target=\"\" data-size=\"1287x799\"><img loading=\"lazy\" decoding=\"async\" width=\"360\" height=\"270\" src=\"https:\/\/www.hotelnovecento.it\/wp-content\/uploads\/2023\/12\/V5Y1583-2-360x270.jpg\" class=\"attachment-thumbnail size-thumbnail\" alt=\"\" data-type=\"wpmfgalleryimg\" data-lazy-src=\"0\" srcset=\"https:\/\/www.hotelnovecento.it\/wp-content\/uploads\/2023\/12\/V5Y1583-2-360x270.jpg 360w, https:\/\/www.hotelnovecento.it\/wp-content\/uploads\/2023\/12\/V5Y1583-2-640x480.jpg 640w\" sizes=\"auto, (max-width: 360px) 100vw, 360px\" \/><\/a><\/div><\/div><div class=\"wpmf-gallery-item\n     wpmf-gallery-item-position-2 wpmf-gallery-item-attachment-17008\"><div class=\"gallery-icon landscape\"><a class=\" not_video\" data-lightbox=\"1\" href=\"https:\/\/www.hotelnovecento.it\/wp-content\/uploads\/2023\/12\/V5Y1608-2.jpg\" data-title=\"_V5Y1608 2\" title=\"_V5Y1608 2\" target=\"\" data-size=\"1417x914\"><img loading=\"lazy\" decoding=\"async\" width=\"360\" height=\"270\" src=\"https:\/\/www.hotelnovecento.it\/wp-content\/uploads\/2023\/12\/V5Y1608-2-360x270.jpg\" class=\"attachment-thumbnail size-thumbnail\" alt=\"\" data-type=\"wpmfgalleryimg\" data-lazy-src=\"0\" srcset=\"https:\/\/www.hotelnovecento.it\/wp-content\/uploads\/2023\/12\/V5Y1608-2-360x270.jpg 360w, https:\/\/www.hotelnovecento.it\/wp-content\/uploads\/2023\/12\/V5Y1608-2-640x480.jpg 640w\" sizes=\"auto, (max-width: 360px) 100vw, 360px\" \/><\/a><\/div><\/div><div class=\"wpmf-gallery-item\n     wpmf-gallery-item-position-3 wpmf-gallery-item-attachment-17016\"><div class=\"gallery-icon landscape\"><a class=\" not_video\" data-lightbox=\"1\" href=\"https:\/\/www.hotelnovecento.it\/wp-content\/uploads\/2023\/12\/V5Y1480.jpg\" data-title=\"_V5Y1480\" title=\"_V5Y1480\" target=\"\" data-size=\"1440x960\"><img loading=\"lazy\" decoding=\"async\" width=\"360\" height=\"270\" src=\"https:\/\/www.hotelnovecento.it\/wp-content\/uploads\/2023\/12\/V5Y1480-360x270.jpg\" class=\"attachment-thumbnail size-thumbnail\" alt=\"\" data-type=\"wpmfgalleryimg\" data-lazy-src=\"0\" srcset=\"https:\/\/www.hotelnovecento.it\/wp-content\/uploads\/2023\/12\/V5Y1480-360x270.jpg 360w, https:\/\/www.hotelnovecento.it\/wp-content\/uploads\/2023\/12\/V5Y1480-640x480.jpg 640w\" sizes=\"auto, (max-width: 360px) 100vw, 360px\" \/><\/a><\/div><\/div><div class=\"wpmf-gallery-item\n     wpmf-gallery-item-position-4 wpmf-gallery-item-attachment-17020\"><div class=\"gallery-icon landscape\"><a class=\" not_video\" data-lightbox=\"1\" href=\"https:\/\/www.hotelnovecento.it\/wp-content\/uploads\/2023\/12\/V5Y1532.jpg\" data-title=\"_V5Y1532\" title=\"_V5Y1532\" target=\"\" data-size=\"1233x776\"><img loading=\"lazy\" decoding=\"async\" width=\"360\" height=\"270\" src=\"https:\/\/www.hotelnovecento.it\/wp-content\/uploads\/2023\/12\/V5Y1532-360x270.jpg\" class=\"attachment-thumbnail size-thumbnail\" alt=\"\" data-type=\"wpmfgalleryimg\" data-lazy-src=\"0\" srcset=\"https:\/\/www.hotelnovecento.it\/wp-content\/uploads\/2023\/12\/V5Y1532-360x270.jpg 360w, https:\/\/www.hotelnovecento.it\/wp-content\/uploads\/2023\/12\/V5Y1532-640x480.jpg 640w\" sizes=\"auto, (max-width: 360px) 100vw, 360px\" \/><\/a><\/div><\/div><\/div><\/div>\n\n","protected":false},"excerpt":{"rendered":"<p>Moments de go\u00fbt et de libert\u00e9 pour des vacances \u00e9l\u00e9gantes au bord de la mer \u00e0 Riccione. Qualit\u00e9, \u00e9l\u00e9gance et go\u00fbt. L&#8217;H\u00f4tel Novecento sait conqu\u00e9rir le palais de ses h\u00f4tes, en offrant chaque matin des moments inestimables de d\u00e9tente agr\u00e9able, pour que chaque r\u00e9veil soit vraiment un bon matin. Le r\u00e9veil est une chose magique [&hellip;]<\/p>\n","protected":false},"author":5,"featured_media":0,"parent":0,"menu_order":0,"comment_status":"closed","ping_status":"closed","template":"","meta":{"_acf_changed":false},"class_list":["post-1888","page","type-page","status-publish","hentry"],"acf":[],"aioseo_notices":[],"_links":{"self":[{"href":"https:\/\/www.hotelnovecento.it\/fr\/wp-json\/wp\/v2\/pages\/1888","targetHints":{"allow":["GET"]}}],"collection":[{"href":"https:\/\/www.hotelnovecento.it\/fr\/wp-json\/wp\/v2\/pages"}],"about":[{"href":"https:\/\/www.hotelnovecento.it\/fr\/wp-json\/wp\/v2\/types\/page"}],"author":[{"embeddable":true,"href":"https:\/\/www.hotelnovecento.it\/fr\/wp-json\/wp\/v2\/users\/5"}],"replies":[{"embeddable":true,"href":"https:\/\/www.hotelnovecento.it\/fr\/wp-json\/wp\/v2\/comments?post=1888"}],"version-history":[{"count":0,"href":"https:\/\/www.hotelnovecento.it\/fr\/wp-json\/wp\/v2\/pages\/1888\/revisions"}],"wp:attachment":[{"href":"https:\/\/www.hotelnovecento.it\/fr\/wp-json\/wp\/v2\/media?parent=1888"}],"curies":[{"name":"wp","href":"https:\/\/api.w.org\/{rel}","templated":true}]}}