{"id":1880,"date":"2015-05-12T16:19:45","date_gmt":"2015-05-12T14:19:45","guid":{"rendered":"https:\/\/www.hotelnovecento.it\/piscina\/"},"modified":"2025-04-02T16:05:58","modified_gmt":"2025-04-02T14:05:58","slug":"piscine","status":"publish","type":"page","link":"https:\/\/www.hotelnovecento.it\/fr\/piscine\/","title":{"rendered":"Claire et si belle,<br> voici votre piscine"},"content":{"rendered":"<h2>Chaque instant de la journ\u00e9e est plus beau sur l&#8217;eau<\/h2>\n<h3>L&#8217;H\u00d4TEL NOVECENTO DISPOSE D&#8217;UNE BELLE PISCINE DE 50 M\u00c8TRES CARR\u00c9S.<\/h3>\n<p><span style=\"font-weight: 400;\">D\u00e8s 11h00,<strong> la piscine est toujours expos\u00e9e au soleil.<br \/>\n<\/strong><\/span><span style=\"font-weight: 400;\">Profitez de la terrasse- solarium, allongez-vous sur <strong>les transats en bois naturel<\/strong> et profitez de la vue sur la mer qui, de ce lieu, est vraiment suggestive. <\/span><\/p>\n<p><strong>Ce sont vos vacances et vous m\u00e9ritez bien d&#8217;\u00eatre entour\u00e9 de beaut\u00e9.<\/strong><\/p>\n<p>Si vous d\u00e9sirez par contre quelque chose de plus captivant, profitez des <strong>Thermes de Riccione ou r\u00e9servez un soin au Caff\u00e8 Tangeri, pour une journ\u00e9e de spa \u00e0 la saveur exotique.<\/strong><\/p>\n<h3>LE SPORT NE PART PAS EN VACANCES<\/h3>\n<p>Pour garder la forme m\u00eame en vacances, vous disposez ici d&#8217;une <a href=\"https:\/\/www.hotelnovecento.it\/fr\/salle-de-sport\/\"><strong>salle de sport<\/strong><\/a>.<br \/>\nLes \u00e9quipements, de marque Technogym, ont \u00e9t\u00e9 choisis pour assurer une qualit\u00e9, une s\u00e9curit\u00e9 et des performances de haut niveau pour votre bien-\u00eatre physique.<\/p>\n<div class='wpmf-gallerys'><div id=\"gallery-1\"\n data-gutter-width=\"5\"\n  data-wpmfcolumns=\"4\" class=\"gallery gallery-link-file gallery-masonry galleryid-1880 gallery-columns-4 gallery-size-thumbnail wpmf-gallery-bottomspace-default wpmf-gallery-clear\"><div class=\"wpmf-gallery-item\n     wpmf-gallery-item-position-1 wpmf-gallery-item-attachment-16973\"><div class=\"gallery-icon landscape\"><a class=\" not_video\" data-lightbox=\"1\" href=\"https:\/\/www.hotelnovecento.it\/wp-content\/uploads\/2023\/08\/gallery-aperitivo-1452x855.jpg\" data-title=\"gallery aperitivo\" title=\"gallery aperitivo\" target=\"\" data-size=\"1452x1024\"><img loading=\"lazy\" decoding=\"async\" width=\"360\" height=\"270\" src=\"https:\/\/www.hotelnovecento.it\/wp-content\/uploads\/2023\/08\/gallery-aperitivo-360x270.jpg\" class=\"attachment-thumbnail size-thumbnail\" alt=\"\" data-type=\"wpmfgalleryimg\" data-lazy-src=\"0\" srcset=\"https:\/\/www.hotelnovecento.it\/wp-content\/uploads\/2023\/08\/gallery-aperitivo-360x270.jpg 360w, https:\/\/www.hotelnovecento.it\/wp-content\/uploads\/2023\/08\/gallery-aperitivo-640x480.jpg 640w\" sizes=\"auto, (max-width: 360px) 100vw, 360px\" \/><\/a><\/div><\/div><div class=\"wpmf-gallery-item\n     wpmf-gallery-item-position-2 wpmf-gallery-item-attachment-16977\"><div class=\"gallery-icon landscape\"><a class=\" not_video\" data-lightbox=\"1\" href=\"https:\/\/www.hotelnovecento.it\/wp-content\/uploads\/2023\/08\/gallery-aperitivo-piscina-1452x855.jpg\" data-title=\"gallery aperitivo piscina\" title=\"gallery aperitivo piscina\" target=\"\" data-size=\"1452x1024\"><img loading=\"lazy\" decoding=\"async\" width=\"360\" height=\"270\" src=\"https:\/\/www.hotelnovecento.it\/wp-content\/uploads\/2023\/08\/gallery-aperitivo-piscina-360x270.jpg\" class=\"attachment-thumbnail size-thumbnail\" alt=\"\" data-type=\"wpmfgalleryimg\" data-lazy-src=\"0\" srcset=\"https:\/\/www.hotelnovecento.it\/wp-content\/uploads\/2023\/08\/gallery-aperitivo-piscina-360x270.jpg 360w, https:\/\/www.hotelnovecento.it\/wp-content\/uploads\/2023\/08\/gallery-aperitivo-piscina-640x480.jpg 640w\" sizes=\"auto, (max-width: 360px) 100vw, 360px\" \/><\/a><\/div><\/div><div class=\"wpmf-gallery-item\n     wpmf-gallery-item-position-3 wpmf-gallery-item-attachment-16981\"><div class=\"gallery-icon landscape\"><a class=\" not_video\" data-lightbox=\"1\" href=\"https:\/\/www.hotelnovecento.it\/wp-content\/uploads\/2023\/08\/gallery-piscina-1452x855.jpg\" data-title=\"gallery piscina\" title=\"gallery piscina\" target=\"\" data-size=\"1452x1024\"><img loading=\"lazy\" decoding=\"async\" width=\"360\" height=\"270\" src=\"https:\/\/www.hotelnovecento.it\/wp-content\/uploads\/2023\/08\/gallery-piscina-360x270.jpg\" class=\"attachment-thumbnail size-thumbnail\" alt=\"\" data-type=\"wpmfgalleryimg\" data-lazy-src=\"0\" srcset=\"https:\/\/www.hotelnovecento.it\/wp-content\/uploads\/2023\/08\/gallery-piscina-360x270.jpg 360w, https:\/\/www.hotelnovecento.it\/wp-content\/uploads\/2023\/08\/gallery-piscina-640x480.jpg 640w\" sizes=\"auto, (max-width: 360px) 100vw, 360px\" \/><\/a><\/div><\/div><div class=\"wpmf-gallery-item\n     wpmf-gallery-item-position-4 wpmf-gallery-item-attachment-8886\"><div class=\"gallery-icon landscape\"><a class=\" not_video\" data-lightbox=\"1\" href=\"https:\/\/www.hotelnovecento.it\/wp-content\/uploads\/2015\/05\/hotel-novecento-riccione-4-1404x855.jpg\" data-title=\"Hotel Novecento Riccione (4)\" title=\"Hotel Novecento Riccione (4)\" target=\"\" data-size=\"1404x1024\"><img loading=\"lazy\" decoding=\"async\" width=\"360\" height=\"270\" src=\"https:\/\/www.hotelnovecento.it\/wp-content\/uploads\/2015\/05\/hotel-novecento-riccione-4-360x270.jpg\" class=\"attachment-thumbnail size-thumbnail\" alt=\"\" data-type=\"wpmfgalleryimg\" data-lazy-src=\"0\" srcset=\"https:\/\/www.hotelnovecento.it\/wp-content\/uploads\/2015\/05\/hotel-novecento-riccione-4-360x270.jpg 360w, https:\/\/www.hotelnovecento.it\/wp-content\/uploads\/2015\/05\/hotel-novecento-riccione-4-640x480.jpg 640w\" sizes=\"auto, (max-width: 360px) 100vw, 360px\" \/><\/a><\/div><\/div><div class=\"wpmf-gallery-item\n     wpmf-gallery-item-position-5 wpmf-gallery-item-attachment-8883\"><div class=\"gallery-icon landscape\"><a class=\" not_video\" data-lightbox=\"1\" href=\"https:\/\/www.hotelnovecento.it\/wp-content\/uploads\/2015\/05\/hotel-novecento-riccione-3-1452x855.jpg\" data-title=\"Hotel Novecento Riccione (3)\" title=\"Hotel Novecento Riccione (3)\" target=\"\" data-size=\"1452x1024\"><img loading=\"lazy\" decoding=\"async\" width=\"360\" height=\"270\" src=\"https:\/\/www.hotelnovecento.it\/wp-content\/uploads\/2015\/05\/hotel-novecento-riccione-3-360x270.jpg\" class=\"attachment-thumbnail size-thumbnail\" alt=\"\" data-type=\"wpmfgalleryimg\" data-lazy-src=\"0\" srcset=\"https:\/\/www.hotelnovecento.it\/wp-content\/uploads\/2015\/05\/hotel-novecento-riccione-3-360x270.jpg 360w, https:\/\/www.hotelnovecento.it\/wp-content\/uploads\/2015\/05\/hotel-novecento-riccione-3-640x480.jpg 640w\" sizes=\"auto, (max-width: 360px) 100vw, 360px\" \/><\/a><\/div><\/div><div class=\"wpmf-gallery-item\n     wpmf-gallery-item-position-6 wpmf-gallery-item-attachment-8868\"><div class=\"gallery-icon landscape\"><a class=\" not_video\" data-lightbox=\"1\" href=\"https:\/\/www.hotelnovecento.it\/wp-content\/uploads\/2015\/05\/hotel-novecento-riccione-6-1555x855.jpg\" data-title=\"Hotel Novecento Riccione (6)\" title=\"Hotel Novecento Riccione (6)\" target=\"\" data-size=\"1555x1024\"><img loading=\"lazy\" decoding=\"async\" width=\"360\" height=\"270\" src=\"https:\/\/www.hotelnovecento.it\/wp-content\/uploads\/2015\/05\/hotel-novecento-riccione-6-360x270.jpg\" class=\"attachment-thumbnail size-thumbnail\" alt=\"\" data-type=\"wpmfgalleryimg\" data-lazy-src=\"0\" srcset=\"https:\/\/www.hotelnovecento.it\/wp-content\/uploads\/2015\/05\/hotel-novecento-riccione-6-360x270.jpg 360w, https:\/\/www.hotelnovecento.it\/wp-content\/uploads\/2015\/05\/hotel-novecento-riccione-6-640x480.jpg 640w\" sizes=\"auto, (max-width: 360px) 100vw, 360px\" \/><\/a><\/div><\/div><div class=\"wpmf-gallery-item\n     wpmf-gallery-item-position-7 wpmf-gallery-item-attachment-8865\"><div class=\"gallery-icon landscape\"><a class=\" not_video\" data-lightbox=\"1\" href=\"https:\/\/www.hotelnovecento.it\/wp-content\/uploads\/2015\/05\/hotel-novecento-riccione-5-1420x855.jpg\" data-title=\"Hotel Novecento Riccione (5)\" title=\"Hotel Novecento Riccione (5)\" target=\"\" data-size=\"1420x1024\"><img loading=\"lazy\" decoding=\"async\" width=\"360\" height=\"270\" src=\"https:\/\/www.hotelnovecento.it\/wp-content\/uploads\/2015\/05\/hotel-novecento-riccione-5-360x270.jpg\" class=\"attachment-thumbnail size-thumbnail\" alt=\"\" data-type=\"wpmfgalleryimg\" data-lazy-src=\"0\" srcset=\"https:\/\/www.hotelnovecento.it\/wp-content\/uploads\/2015\/05\/hotel-novecento-riccione-5-360x270.jpg 360w, https:\/\/www.hotelnovecento.it\/wp-content\/uploads\/2015\/05\/hotel-novecento-riccione-5-640x480.jpg 640w\" sizes=\"auto, (max-width: 360px) 100vw, 360px\" \/><\/a><\/div><\/div><div class=\"wpmf-gallery-item\n     wpmf-gallery-item-position-8 wpmf-gallery-item-attachment-8871\"><div class=\"gallery-icon landscape\"><a class=\" not_video\" data-lightbox=\"1\" href=\"https:\/\/www.hotelnovecento.it\/wp-content\/uploads\/2015\/05\/hotel-novecento-riccione-7-1280x855.jpg\" data-title=\"Hotel Novecento Riccione (7)\" title=\"Hotel Novecento Riccione (7)\" target=\"\" data-size=\"1280x1128\"><img loading=\"lazy\" decoding=\"async\" width=\"360\" height=\"270\" src=\"https:\/\/www.hotelnovecento.it\/wp-content\/uploads\/2015\/05\/hotel-novecento-riccione-7-360x270.jpg\" class=\"attachment-thumbnail size-thumbnail\" alt=\"\" data-type=\"wpmfgalleryimg\" data-lazy-src=\"0\" srcset=\"https:\/\/www.hotelnovecento.it\/wp-content\/uploads\/2015\/05\/hotel-novecento-riccione-7-360x270.jpg 360w, https:\/\/www.hotelnovecento.it\/wp-content\/uploads\/2015\/05\/hotel-novecento-riccione-7-640x480.jpg 640w\" sizes=\"auto, (max-width: 360px) 100vw, 360px\" \/><\/a><\/div><\/div><\/div><\/div>\n\n<p>piscina hot<\/p>\n","protected":false},"excerpt":{"rendered":"<p>Chaque instant de la journ\u00e9e est plus beau sur l&#8217;eau L&#8217;H\u00d4TEL NOVECENTO DISPOSE D&#8217;UNE BELLE PISCINE DE 50 M\u00c8TRES CARR\u00c9S. D\u00e8s 11h00, la piscine est toujours expos\u00e9e au soleil. Profitez de la terrasse- solarium, allongez-vous sur les transats en bois naturel et profitez de la vue sur la mer qui, de ce lieu, est vraiment [&hellip;]<\/p>\n","protected":false},"author":5,"featured_media":0,"parent":0,"menu_order":0,"comment_status":"closed","ping_status":"closed","template":"","meta":{"_acf_changed":false},"class_list":["post-1880","page","type-page","status-publish","hentry"],"acf":[],"aioseo_notices":[],"_links":{"self":[{"href":"https:\/\/www.hotelnovecento.it\/fr\/wp-json\/wp\/v2\/pages\/1880","targetHints":{"allow":["GET"]}}],"collection":[{"href":"https:\/\/www.hotelnovecento.it\/fr\/wp-json\/wp\/v2\/pages"}],"about":[{"href":"https:\/\/www.hotelnovecento.it\/fr\/wp-json\/wp\/v2\/types\/page"}],"author":[{"embeddable":true,"href":"https:\/\/www.hotelnovecento.it\/fr\/wp-json\/wp\/v2\/users\/5"}],"replies":[{"embeddable":true,"href":"https:\/\/www.hotelnovecento.it\/fr\/wp-json\/wp\/v2\/comments?post=1880"}],"version-history":[{"count":0,"href":"https:\/\/www.hotelnovecento.it\/fr\/wp-json\/wp\/v2\/pages\/1880\/revisions"}],"wp:attachment":[{"href":"https:\/\/www.hotelnovecento.it\/fr\/wp-json\/wp\/v2\/media?parent=1880"}],"curies":[{"name":"wp","href":"https:\/\/api.w.org\/{rel}","templated":true}]}}