{"id":1747,"date":"2014-04-30T11:31:19","date_gmt":"2014-04-30T09:31:19","guid":{"rendered":"https:\/\/www.hotelnovecento.it\/dove-siamo\/"},"modified":"2019-01-16T14:31:19","modified_gmt":"2019-01-16T13:31:19","slug":"ou-nous-sommes","status":"publish","type":"page","link":"https:\/\/www.hotelnovecento.it\/fr\/ou-nous-sommes\/","title":{"rendered":"Acc\u00e8s \u00e0 l&#8217;H\u00f4tel Novecento"},"content":{"rendered":"<h2>L&#8217;h\u00f4tel Novecento se trouve \u00e0 Riccione, Viale d&#8217;Annunzio 30:<\/h2>\n<p><img loading=\"lazy\" decoding=\"async\" class=\"img-resopnsive aligncenter\" src=\"https:\/\/www.hotelnovecento.it\/wp-content\/uploads\/2019\/01\/novecento-mappa.jpg\" alt=\"Hotel Novecento - mappa\" width=\"1220\" height=\"550\" \/><\/p>\n<ul>\n<li>\u00c0 20 m\u00e8tres de la <strong>mer<\/strong><\/li>\n<li>\u00c0 quelques pas de <strong>Viale Dante<\/strong><\/li>\n<li>\u00c0 1 km de <strong>Viale Ceccarini<\/strong><\/li>\n<\/ul>\n<p>Vous arriverez facilement \u00e0 l&#8217;h\u00f4tel:<\/p>\n<ul>\n<li><strong>Par l&#8217;autoroute A14 <\/strong> sortie Riccione<\/li>\n<li><strong>Depuis l&#8217;a\u00e9roport<\/strong> F. Fellini de Miramare<\/li>\n<li><strong>Depuis la gare ferroviaire<\/strong> de Riccione<\/li>\n<\/ul>\n","protected":false},"excerpt":{"rendered":"<p>L&#8217;h\u00f4tel Novecento se trouve \u00e0 Riccione, Viale d&#8217;Annunzio 30: \u00c0 20 m\u00e8tres de la mer \u00c0 quelques pas de Viale Dante \u00c0 1 km de Viale Ceccarini Vous arriverez facilement \u00e0 l&#8217;h\u00f4tel: Par l&#8217;autoroute A14 sortie Riccione Depuis l&#8217;a\u00e9roport F. Fellini de Miramare Depuis la gare ferroviaire de Riccione<\/p>\n","protected":false},"author":1,"featured_media":0,"parent":0,"menu_order":0,"comment_status":"closed","ping_status":"closed","template":"","meta":{"_acf_changed":false},"class_list":["post-1747","page","type-page","status-publish","hentry"],"acf":[],"aioseo_notices":[],"_links":{"self":[{"href":"https:\/\/www.hotelnovecento.it\/fr\/wp-json\/wp\/v2\/pages\/1747","targetHints":{"allow":["GET"]}}],"collection":[{"href":"https:\/\/www.hotelnovecento.it\/fr\/wp-json\/wp\/v2\/pages"}],"about":[{"href":"https:\/\/www.hotelnovecento.it\/fr\/wp-json\/wp\/v2\/types\/page"}],"author":[{"embeddable":true,"href":"https:\/\/www.hotelnovecento.it\/fr\/wp-json\/wp\/v2\/users\/1"}],"replies":[{"embeddable":true,"href":"https:\/\/www.hotelnovecento.it\/fr\/wp-json\/wp\/v2\/comments?post=1747"}],"version-history":[{"count":0,"href":"https:\/\/www.hotelnovecento.it\/fr\/wp-json\/wp\/v2\/pages\/1747\/revisions"}],"wp:attachment":[{"href":"https:\/\/www.hotelnovecento.it\/fr\/wp-json\/wp\/v2\/media?parent=1747"}],"curies":[{"name":"wp","href":"https:\/\/api.w.org\/{rel}","templated":true}]}}