{"id":1743,"date":"2014-04-30T11:31:57","date_gmt":"2014-04-30T09:31:57","guid":{"rendered":"https:\/\/www.hotelnovecento.it\/offerte-hotel-riccione\/"},"modified":"2017-03-21T11:15:21","modified_gmt":"2017-03-21T10:15:21","slug":"offres","status":"publish","type":"page","link":"https:\/\/www.hotelnovecento.it\/fr\/offres\/","title":{"rendered":"Les meilleures offres et derni\u00e8res minutes \u00e0 Riccione"},"content":{"rendered":"<p>Nous sommes au bord de mer et vous proposons ce qu&#8217;il y a de mieux pour les vacances avec les enfants, les s\u00e9jours d&#8217;affaires et les exp\u00e9riences de bon go\u00fbt.<\/p>\n<p><strong><a href=\"\/?page_id=53\">Choisissez la proposition qui vous convient et r\u00e9servez tout de suive vos vacances !<\/a><\/strong><\/p>\n","protected":false},"excerpt":{"rendered":"<p>Nous sommes au bord de mer et vous proposons ce qu&#8217;il y a de mieux pour les vacances avec les enfants, les s\u00e9jours d&#8217;affaires et les exp\u00e9riences de bon go\u00fbt. Choisissez la proposition qui vous convient et r\u00e9servez tout de suive vos vacances !<\/p>\n","protected":false},"author":1,"featured_media":0,"parent":0,"menu_order":0,"comment_status":"closed","ping_status":"closed","template":"template.offerte.php","meta":{"_acf_changed":false},"class_list":["post-1743","page","type-page","status-publish","hentry"],"acf":[],"aioseo_notices":[],"_links":{"self":[{"href":"https:\/\/www.hotelnovecento.it\/fr\/wp-json\/wp\/v2\/pages\/1743","targetHints":{"allow":["GET"]}}],"collection":[{"href":"https:\/\/www.hotelnovecento.it\/fr\/wp-json\/wp\/v2\/pages"}],"about":[{"href":"https:\/\/www.hotelnovecento.it\/fr\/wp-json\/wp\/v2\/types\/page"}],"author":[{"embeddable":true,"href":"https:\/\/www.hotelnovecento.it\/fr\/wp-json\/wp\/v2\/users\/1"}],"replies":[{"embeddable":true,"href":"https:\/\/www.hotelnovecento.it\/fr\/wp-json\/wp\/v2\/comments?post=1743"}],"version-history":[{"count":0,"href":"https:\/\/www.hotelnovecento.it\/fr\/wp-json\/wp\/v2\/pages\/1743\/revisions"}],"wp:attachment":[{"href":"https:\/\/www.hotelnovecento.it\/fr\/wp-json\/wp\/v2\/media?parent=1743"}],"curies":[{"name":"wp","href":"https:\/\/api.w.org\/{rel}","templated":true}]}}