{"id":1734,"date":"2013-07-09T12:41:08","date_gmt":"2013-07-09T12:41:08","guid":{"rendered":"https:\/\/www.hotelnovecento.it\/home\/"},"modified":"2023-12-27T17:57:11","modified_gmt":"2023-12-27T16:57:11","slug":"home","status":"publish","type":"page","link":"https:\/\/www.hotelnovecento.it\/fr\/","title":{"rendered":"Votre h\u00f4tel en B&#038;B au bord de la mer \u00e0 Riccione"},"content":{"rendered":"<div class=\"row\">\n<div class=\"col-md-6\">\n<h2>Structure et position<\/h2>\n<p>Le <a href=\"https:\/\/www.hotelnovecento.it\/fr\/histoire-residence-riccione\/\"><strong>Novecento est un \u00e9l\u00e9gant h\u00f4tel de Riccione, de style Liberty<\/strong><\/a>, enti\u00e8rement r\u00e9nov\u00e9, situ\u00e9 dans un <a href=\"https:\/\/www.hotelnovecento.it\/fr\/riccione\/\"><strong>quartier exclusif et paisible de Riccione<\/strong><\/a>, \u00e0 seulement 20 m\u00e8tres de la plage et 10 minutes du centre et du Salon de viale Ceccarini.<\/p>\n<p>Le Novecento est un h\u00f4tel B&amp;B d&#8217;\u00e9poque, o\u00f9 vous pourrez dormir dans des chambres avec lits \u00e0 sommier et vous laisser entra\u00eener dans les \u00e9v\u00e8nements qui \u00e9gaieront vos moments de vacances.<\/p>\n<\/div>\n<div class=\"col-md-6\">\n<p>Vous pouvez laisser votre voiture dans le <a href=\"https:\/\/www.hotelnovecento.it\/fr\/parking\/\"><strong>parking r\u00e9serv\u00e9<\/strong> <\/a>et explorer Riccione et ses recoins cach\u00e9s en utilisant gratuitement les <a href=\"https:\/\/www.hotelnovecento.it\/fr\/service-velos\/\"><strong>v\u00e9los mis \u00e0 la disposition de nos clients<\/strong><\/a>.<\/p>\n<p>Voici votre h\u00f4tel avec piscine chauff\u00e9e d&#8217;eau sal\u00e9e, avec jacuzzi.<\/p>\n<h3>Nous voulons vous offrir des \u00e9motions, ne sentez-vous pas d\u00e9j\u00e0 un parfum de vacances ?<\/h3>\n<\/div>\n<\/div>\n","protected":false},"excerpt":{"rendered":"<p>Structure et position Le Novecento est un \u00e9l\u00e9gant h\u00f4tel de Riccione, de style Liberty, enti\u00e8rement r\u00e9nov\u00e9, situ\u00e9 dans un quartier exclusif et paisible de Riccione, \u00e0 seulement 20 m\u00e8tres de la plage et 10 minutes du centre et du Salon de viale Ceccarini. Le Novecento est un h\u00f4tel B&amp;B d&#8217;\u00e9poque, o\u00f9 vous pourrez dormir dans [&hellip;]<\/p>\n","protected":false},"author":1,"featured_media":0,"parent":0,"menu_order":3,"comment_status":"closed","ping_status":"closed","template":"","meta":{"_acf_changed":false},"class_list":["post-1734","page","type-page","status-publish","hentry"],"acf":[],"aioseo_notices":[],"_links":{"self":[{"href":"https:\/\/www.hotelnovecento.it\/fr\/wp-json\/wp\/v2\/pages\/1734","targetHints":{"allow":["GET"]}}],"collection":[{"href":"https:\/\/www.hotelnovecento.it\/fr\/wp-json\/wp\/v2\/pages"}],"about":[{"href":"https:\/\/www.hotelnovecento.it\/fr\/wp-json\/wp\/v2\/types\/page"}],"author":[{"embeddable":true,"href":"https:\/\/www.hotelnovecento.it\/fr\/wp-json\/wp\/v2\/users\/1"}],"replies":[{"embeddable":true,"href":"https:\/\/www.hotelnovecento.it\/fr\/wp-json\/wp\/v2\/comments?post=1734"}],"version-history":[{"count":0,"href":"https:\/\/www.hotelnovecento.it\/fr\/wp-json\/wp\/v2\/pages\/1734\/revisions"}],"wp:attachment":[{"href":"https:\/\/www.hotelnovecento.it\/fr\/wp-json\/wp\/v2\/media?parent=1734"}],"curies":[{"name":"wp","href":"https:\/\/api.w.org\/{rel}","templated":true}]}}