{"id":9902,"date":"2015-05-12T15:57:59","date_gmt":"2015-05-12T13:57:59","guid":{"rendered":"https:\/\/www.hotelnovecento.it\/riccione\/"},"modified":"2019-01-09T18:58:16","modified_gmt":"2019-01-09T17:58:16","slug":"riccione","status":"publish","type":"page","link":"https:\/\/www.hotelnovecento.it\/de\/riccione\/","title":{"rendered":"Riccione"},"content":{"rendered":"<h2>Urlaub zwischen Meer, Geschichte und Kultur<\/h2>\n<p>Riccione, das zur Zeit der alten R\u00f6mer als Vicus Popilius bekannt war, bewahrt noch zahlreiche Spuren des gro\u00dfen Reiches: die urspr\u00fcngliche St\u00e4tte in der Gegend von San Lorenzo, die Br\u00fccke \u00fcber den Rio Melo und die arch\u00e4ologischen \u00dcberreste in der Nekropolis.<\/p>\n<p>Nach zahlreichen Invasionen der Barbaren erlebte Riccione ab 1210 unter der Herrschaft der Agolanti, den Florentinern, die mit der Malatesta-Familie von Rimini verbunden waren, seine kulturelle Bl\u00fcte. Aus dieser Zeit ist die <strong>wundersch\u00f6ne Burg<\/strong> erhalten geblieben.<\/p>\n<p>Zwischen dem 16. und dem 19. Jahrhundert wurde der Strand, der urspr\u00fcnglich f\u00fcr den Reisanbau bestimmt war, erweitert und bald Gegenstand der touristischen Expansion, die die Stadt zur Gr\u00fcnen <strong>Perle der Adria machte<\/strong>.<\/p>\n<p>Viele Villen mit G\u00e4rten erwachten zum Leben, nun genutzt als Ferienvillen. Viele ber\u00fchmte Pers\u00f6nlichkeiten der damaligen Zeit besuchten Riccione, das am am Eisenbahnknotenpunkt Bologna-Ancona liegt.<\/p>\n<p>In den letzten Jahren des 19. Jahrhunderts wurden die <strong>Villen allm\u00e4hlich durch die ersten Hotels<\/strong> ersetzt und der Elite-Tourismus entwickelte sich langsam zum Massentourismus. Genau hier befand sich Benito Mussolinis Ferienhaus, die Villa Mussolini, die heute f\u00fcr die \u00d6ffentlichkeit zug\u00e4nglich ist.<\/p>\n<p>Wichtig f\u00fcr die Stadt war die <strong>Familie Ceccarini<\/strong> und vor allem Maria Borman, die Frau von Herrn Ceccarini, die Riccione gro\u00dfe Summen f\u00fcr den Bau des Krankenhauses und die Durchf\u00fchrung verschiedener sozialer und humanit\u00e4rer Arbeiten spendete.<\/p>\n<p>Riccione ist nach wie vor ein beliebtes Reiseziel:<strong> Familien mit Kindern w\u00e4hlen unsere Riviera<\/strong> wegen ihrer sicheren und gut ausgestatteten Str\u00e4nde, Vergn\u00fcgungsparks und der vielen M\u00f6glichkeiten f\u00fcr Spa\u00df f\u00fcr Kinder und Erwachsene.<\/p>\n<p>Junge Leute lieben Riccione wegen seiner <strong>Diskotheken und trendigen Clubs<\/strong>, w\u00e4hrend Paare in die <strong>Romagna<\/strong> kommen, um einzukaufen, die ausgezeichnete K\u00fcche zu genie\u00dfen und Ausfl\u00fcge ins Landesinnere zu unternehmen, um Geschmack und Traditionen zu entdecken.<\/p>\n","protected":false},"excerpt":{"rendered":"<p>Urlaub zwischen Meer, Geschichte und Kultur Riccione, das zur Zeit der alten R\u00f6mer als Vicus Popilius bekannt war, bewahrt noch zahlreiche Spuren des gro\u00dfen Reiches: die urspr\u00fcngliche St\u00e4tte in der Gegend von San Lorenzo, die Br\u00fccke \u00fcber den Rio Melo und die arch\u00e4ologischen \u00dcberreste in der Nekropolis. Nach zahlreichen Invasionen der Barbaren erlebte Riccione ab [&hellip;]<\/p>\n","protected":false},"author":5,"featured_media":0,"parent":0,"menu_order":0,"comment_status":"closed","ping_status":"closed","template":"","meta":{"_acf_changed":false},"class_list":["post-9902","page","type-page","status-publish","hentry"],"acf":[],"aioseo_notices":[],"_links":{"self":[{"href":"https:\/\/www.hotelnovecento.it\/de\/wp-json\/wp\/v2\/pages\/9902","targetHints":{"allow":["GET"]}}],"collection":[{"href":"https:\/\/www.hotelnovecento.it\/de\/wp-json\/wp\/v2\/pages"}],"about":[{"href":"https:\/\/www.hotelnovecento.it\/de\/wp-json\/wp\/v2\/types\/page"}],"author":[{"embeddable":true,"href":"https:\/\/www.hotelnovecento.it\/de\/wp-json\/wp\/v2\/users\/5"}],"replies":[{"embeddable":true,"href":"https:\/\/www.hotelnovecento.it\/de\/wp-json\/wp\/v2\/comments?post=9902"}],"version-history":[{"count":0,"href":"https:\/\/www.hotelnovecento.it\/de\/wp-json\/wp\/v2\/pages\/9902\/revisions"}],"wp:attachment":[{"href":"https:\/\/www.hotelnovecento.it\/de\/wp-json\/wp\/v2\/media?parent=9902"}],"curies":[{"name":"wp","href":"https:\/\/api.w.org\/{rel}","templated":true}]}}