{"id":9899,"date":"2015-05-12T14:24:51","date_gmt":"2015-05-12T12:24:51","guid":{"rendered":"https:\/\/www.hotelnovecento.it\/dimora-epoca-riccione\/"},"modified":"2019-01-10T15:38:47","modified_gmt":"2019-01-10T14:38:47","slug":"historischen-wohnsitzes-riccione","status":"publish","type":"page","link":"https:\/\/www.hotelnovecento.it\/de\/historischen-wohnsitzes-riccione\/","title":{"rendered":"Geschichte Eines Historischen Wohnsitzes"},"content":{"rendered":"<h2>Von den Urspr\u00fcngen bis zur Gegenwart<\/h2>\n<p>Das <strong>Hotel Novecento<\/strong> mit seinen vielen Lebensphasen erinnert an den Ph\u00f6nix, der aus der Asche auferstand: 1927 auf den Ruinen der nach einem Erdbeben zerst\u00f6rten alten Pension Igea Praga erbaut, erweiterte sich in den 20 Jahren vor dem Zweiten Weltkrieg. W\u00e4hrend des Konflikts war das Geb\u00e4ude ein Gef\u00e4ngnis f\u00fcr verhaftete Studenten und ein Zufluchtsort f\u00fcr Fl\u00fcchtlinge, wurde durch Bombenangriffe und nicht explodierte Bomben besch\u00e4digt, war aber auch Schauplatz gl\u00fccklicher Ereignisse wie der Geburt von Kindern.<\/p>\n<p>Der Vorl\u00e4ufer des Hotels Novecento war das <strong>Hotel Igea Praga oder &#8220;Praga al Mare&#8221;<\/strong>: ein Ferienhaus f\u00fcr die Prager Aristokraten, die zu den ersten Touristen in Riccione geh\u00f6rten, w\u00e4hrend die damalige Pension Igea Praga heute eine private Villa in der N\u00e4he der Viale Dante ist.<\/p>\n<p>Die Etymologie des Namens &#8220;Igea Praga&#8221; ist einerseits auf die G\u00f6ttin der Gesundheit zur\u00fcckzuf\u00fchren, die den Menschen vor allen m\u00f6glichen Gefahren sch\u00fctzen kann. Andererseits erinnert uns der Name daran, dass dieses Haus urspr\u00fcnglich gebaut wurde, damit tschechoslowakische Adlige noch vor dem Zweiten Weltkrieg ihren Urlaub an der K\u00fcste der Romagna verbringen konnten.<\/p>\n<p>Der erster Besitzer war eine Tante von Sykir Zideneck, einer tschechoslowakischen Frau, die w\u00e4hrend des Krieges das Hotel mit einer Waffe in der Hand geleitet haben soll. Nach seinem Tod ging das Eigentum an ihre Enkel \u00fcber, zwei Br\u00fcder, die w\u00e4hrend des Kalten Krieges wiederum nach <strong>Riccione<\/strong> kamen, um sich um das Hotel zu k\u00fcmmern. Es wird gesagt, dass einer von ihnen als Geisel gehalten wurde, aus Angst, dass er nie wieder nach Hause zur\u00fcckkehren w\u00fcrde.<\/p>\n<p>Das Hotel Igea Praga<strong> war eines der ersten 12 Hotels in Riccione<\/strong>, das damals nach innovativen erdbebensicheren Kriterien gebaut wurde: Stahlbetonst\u00fctzen aus ungeripptem, erstem Gusseisen mit 20 mm Querschnitt, das auch heute, nach mehr als 80 Jahren, wie Silber gl\u00e4nzt.<\/p>\n<p>Die <strong>Familie Arrigoni<\/strong> kaufte das Geb\u00e4ude im Jahr 1993 und erweckte dieses <strong>elegante und komfortable Hotel<\/strong> zum Leben, trotz der Algenplage, die die Adriak\u00fcste damals heimsuchte. Mit dem ber\u00fchmten Unternehmensgeist der Romagna und unterst\u00fctzt durch die Subventionen der Provinz hatten sie erkannt, dass man aus dem mittlerweile heruntergekommenen Geb\u00e4ude etwas Wunderbares schaffen konnte. In diesem Zusammenhang begannen die Renovierungsarbeiten, die dem Architekten und Ingenieur aus Riccione Fabio Berni \u00fcbertragen wurden.<\/p>\n<p>Das Interieur wurde vom Architekten Vedran Petrovic Poljak entworfen, der sich besonders f\u00fcr das Studium des <strong>italienischen Jugendstils<\/strong> interessiert hat und Hotels und Privatresidenzen in Italien und Montenegro gebaut hat.<\/p>\n<p>In der Lobby des Hotels befindet sich eine Skizze des von ihm signierten Innenraums. Das Renovierungsprojekt wurde mit der Absicht gestartet, der <strong>architektonischen Sch\u00f6nheit<\/strong> der Vergangenheit nach <strong>modernen und nachhaltigen Kriterien<\/strong> wieder zu ihrer vollen Pracht zu verhelfen.<\/p>\n<p>So wurden w\u00e4hrend der Arbeiten die urspr\u00fcnglichen, mehr als vier Meter hohen Zwischengeschosse zur Energieeinsparung in der H\u00f6he reduziert, w\u00e4hrend die Formen der Fenster, der handgefertigten Gitter, der Balkone, der beiden S\u00e4ulen am Eingang des Restaurants unver\u00e4ndert blieben. Mehr als 1170 S\u00e4ulen wurden gebaut. Die urspr\u00fcnglichen barocken Gel\u00e4nder wurden durch toskanische S\u00e4ulen ersetzt, die weniger zerbrechlich waren und eine weichere Linie haben.<\/p>\n<p>Ein Ort, <strong>der heute Magie und Komfort ausstrahlt<\/strong>, voller Geschichte, ein Ort, der durch das Engagement und die Leidenschaft einer Familie geschaffen wurde, die den Zauber der Vergangenheit ans Licht bringen, jedoch<strong> modern und exklusiv <\/strong>umsetzen wollte.<\/p>\n","protected":false},"excerpt":{"rendered":"<p>Von den Urspr\u00fcngen bis zur Gegenwart Das Hotel Novecento mit seinen vielen Lebensphasen erinnert an den Ph\u00f6nix, der aus der Asche auferstand: 1927 auf den Ruinen der nach einem Erdbeben zerst\u00f6rten alten Pension Igea Praga erbaut, erweiterte sich in den 20 Jahren vor dem Zweiten Weltkrieg. W\u00e4hrend des Konflikts war das Geb\u00e4ude ein Gef\u00e4ngnis f\u00fcr [&hellip;]<\/p>\n","protected":false},"author":5,"featured_media":0,"parent":0,"menu_order":0,"comment_status":"closed","ping_status":"closed","template":"","meta":{"_acf_changed":false},"class_list":["post-9899","page","type-page","status-publish","hentry"],"acf":[],"aioseo_notices":[],"_links":{"self":[{"href":"https:\/\/www.hotelnovecento.it\/de\/wp-json\/wp\/v2\/pages\/9899","targetHints":{"allow":["GET"]}}],"collection":[{"href":"https:\/\/www.hotelnovecento.it\/de\/wp-json\/wp\/v2\/pages"}],"about":[{"href":"https:\/\/www.hotelnovecento.it\/de\/wp-json\/wp\/v2\/types\/page"}],"author":[{"embeddable":true,"href":"https:\/\/www.hotelnovecento.it\/de\/wp-json\/wp\/v2\/users\/5"}],"replies":[{"embeddable":true,"href":"https:\/\/www.hotelnovecento.it\/de\/wp-json\/wp\/v2\/comments?post=9899"}],"version-history":[{"count":0,"href":"https:\/\/www.hotelnovecento.it\/de\/wp-json\/wp\/v2\/pages\/9899\/revisions"}],"wp:attachment":[{"href":"https:\/\/www.hotelnovecento.it\/de\/wp-json\/wp\/v2\/media?parent=9899"}],"curies":[{"name":"wp","href":"https:\/\/api.w.org\/{rel}","templated":true}]}}