{"id":1829,"date":"2015-05-12T16:03:06","date_gmt":"2015-05-12T14:03:06","guid":{"rendered":"https:\/\/www.hotelnovecento.it\/tour-entroterra-riccione\/"},"modified":"2017-03-22T15:46:26","modified_gmt":"2017-03-22T14:46:26","slug":"tour-hinterland-riccione","status":"publish","type":"page","link":"https:\/\/www.hotelnovecento.it\/de\/tour-hinterland-riccione\/","title":{"rendered":"Alles, was Sie in Riccione nicht verpassen d\u00fcrfen"},"content":{"rendered":"<h2>Das bietet der Sommer in der Romagna<\/h2>\n<p><strong>Riccione<\/strong> ist eine vielseitige Stadt, <strong>die viele Anregungen f\u00fcr Ihren Urlaub bietet<\/strong>. Vom Vergn\u00fcgen in den Themenparks bis hin zu Ausfl\u00fcgen in Kultur und Geschichte.<\/p>\n<p>Jeder Park bietet einzigartige Emotionen. Von <strong>Fiabilandia<\/strong>, der verzauberten M\u00e4rchenlandschaft, bis hin zu <strong>Aquafan<\/strong> mit einer Vielzahl von Wasserrutschen und Pools. Und au\u00dferdem gibt es noch <strong>Oltremare und das Aquarium \u201eLe Navi\u201c in Cattolica<\/strong> f\u00fcr Liebhaber von Meerestieren. Und schlie\u00dflich \u201e<strong>Italia in Miniatura<\/strong>\u201c mit einer Reproduktion Italiens im verkleinerten Ma\u00dfstab sowie <strong>Mirabilandia<\/strong>, perfekt f\u00fcr alle, die schnelle Achterbahnen lieben.<\/p>\n<p><strong>Und im Hinterland von Riccione?<\/strong><br \/>\nDie <strong>Burg von San Leo<\/strong> ist mit Sicherheit eine der sch\u00f6nsten. Sie liegt auf einem schwer zu erreichenden Felsen und beherbergte w\u00e4hrend seiner letzten Jahre den Grafen von Cagliostro. Au\u00dferdem <strong>Verucchio<\/strong>, ein sehr altes St\u00e4dtchen, dessen Urspr\u00fcnge auf das 10.\u00a0Jahrhundert zur\u00fcckgehen und in dem die Villanova-Zivilisation belegt ist, und die <strong>Republik San Marino<\/strong>, die \u00e4lteste der Welt, mit ihren mittelalterlichen T\u00fcrmen. Und schlie\u00dflich die <strong>Burg Gradara<\/strong>, die den Malatesta geh\u00f6rte, die von Dante im 5.\u00a0Gesang des <em>Inferno<\/em> in der Geschichte von Paolo und Francesca erw\u00e4hnt werden.<br \/>\n<div class=\"edt-row-shortcode row\"><br \/>\n<div class=\"edt-div-shortcode edt-col-1\"><\/p>\n<h2>Alle Sommer-Events in Riccione:<\/h2>\n<h3>Juni<\/h3>\n<ul>\n<li><strong>Gradara<\/strong> &#8211; historische Veranstaltung im Weiler<\/li>\n<li><strong>Riccione<\/strong> Riccione und Deejay Training Centre<\/li>\n<li><strong>Rimini<\/strong> Al Men\u00ec Ciroc &#8211; Markt der Aromen<\/li>\n<li><strong>Misano<\/strong> Superbike World Championship<\/li>\n<li><strong>Rimini \u00a0<\/strong>Molo Street Parade<\/li>\n<\/ul>\n<h3>Juli<\/h3>\n<ul>\n<li><strong>Riviera \u00a0<\/strong>Notte Rosa<\/li>\n<li><strong>Riccione<\/strong> Cin\u00e8\u00a0 &#8211; Filmfestival<\/li>\n<li><strong>Riccione<\/strong> &#8211; Festival der Sonne<\/li>\n<li><strong>Gradara<\/strong> &#8211; Sturm auf die Burg<\/li>\n<li><strong>Bellaria\u00a0<\/strong> &#8211; Die Landung der Sarazenen<\/li>\n<\/ul>\n<h3>August<\/h3>\n<ul>\n<li><strong>Bellaria Igea Marina<\/strong> Riviera Beach Run<\/li>\n<li><strong>Rimini<\/strong> Color Run<\/li>\n<li><strong>Riviera<\/strong> Ferragosto<\/li>\n<li><strong>Gradara<\/strong> Magic Castle<\/li>\n<\/ul>\n<p><img loading=\"lazy\" decoding=\"async\" class=\"wp-image-1240 alignleft\" src=\"https:\/\/www.hotelnovecento.it\/wp-content\/uploads\/2015\/05\/hotel-vicino-gradara-hotel-novecento-riccione.jpg\" alt=\"hotel-vicino-gradara-hotel-novecento-riccionevhotel-vicino-gradara-hotel-novecento-riccione\" width=\"300\" height=\"128\" srcset=\"https:\/\/www.hotelnovecento.it\/wp-content\/uploads\/2015\/05\/hotel-vicino-gradara-hotel-novecento-riccione.jpg 2000w, https:\/\/www.hotelnovecento.it\/wp-content\/uploads\/2015\/05\/hotel-vicino-gradara-hotel-novecento-riccione-768x328.jpg 768w\" sizes=\"auto, (max-width: 300px) 100vw, 300px\" \/><\/p>\n<p>&nbsp;<\/p>\n<p>&nbsp;<\/p>\n<p>&nbsp;<\/p>\n<p><img loading=\"lazy\" decoding=\"async\" class=\"wp-image-1236 alignleft\" src=\"https:\/\/www.hotelnovecento.it\/wp-content\/uploads\/2015\/05\/hotel-vicino-parchi-divertimento-hotel-novecento-acquario-cattolica.jpg\" alt=\"hotel-vicino-parchi-divertimento-hotel-novecento-acquario-cattolicahotel-vicino-parchi-divertimento-hotel-novecento-acquario-cattolica\" width=\"300\" height=\"128\" srcset=\"https:\/\/www.hotelnovecento.it\/wp-content\/uploads\/2015\/05\/hotel-vicino-parchi-divertimento-hotel-novecento-acquario-cattolica.jpg 2000w, https:\/\/www.hotelnovecento.it\/wp-content\/uploads\/2015\/05\/hotel-vicino-parchi-divertimento-hotel-novecento-acquario-cattolica-768x328.jpg 768w\" sizes=\"auto, (max-width: 300px) 100vw, 300px\" \/><\/p>\n<p>&nbsp;<\/p>\n<p>&nbsp;<\/p>\n<p>&nbsp;<\/p>\n<p><img loading=\"lazy\" decoding=\"async\" class=\"alignleft wp-image-1239\" src=\"https:\/\/www.hotelnovecento.it\/wp-content\/uploads\/2015\/05\/hotel-vicino-san-marino-hotel-novecento-riccione.jpg\" alt=\"hotel-vicino-san-marino-hotel-novecento-riccione\" width=\"300\" height=\"128\" srcset=\"https:\/\/www.hotelnovecento.it\/wp-content\/uploads\/2015\/05\/hotel-vicino-san-marino-hotel-novecento-riccione.jpg 2000w, https:\/\/www.hotelnovecento.it\/wp-content\/uploads\/2015\/05\/hotel-vicino-san-marino-hotel-novecento-riccione-768x328.jpg 768w\" sizes=\"auto, (max-width: 300px) 100vw, 300px\" \/><\/p>\n<p>&nbsp;<\/p>\n<p><\/div><br \/>\n<div class=\"edt-div-shortcode edt-col-2\"><\/p>\n<h2>Alle Veranstaltungen des Hotels Novecento<\/h2>\n<p>Im Hotel Novecento ist immer etwas los und <strong>die ganze Woche \u00fcber \u00fcberraschen wir Sie mit speziellen Events<\/strong>, um Ihren Urlaub zu einem unvergesslichen Erlebnis zu machen.<\/p>\n<p>5\u00a0Tage in der Woche ein s\u00fc\u00dfes erwachen f\u00fcr Sie. Unser Konditor erwartet Sie am <strong>Rand des Swimmingpools<\/strong> mit <strong>frisch zubereiteten duftenden Cr\u00eapes mit F\u00fcllung<\/strong> nach Wunsch, eine wahre K\u00f6stlichkeit f\u00fcr Gro\u00df und Klein.<\/p>\n<p>Und nat\u00fcrlich vergessen wir auch die Erwachsenen nicht. Gleich, ob Sie einen Prosecco D.O.C. oder die s\u00fc\u00df-bitteren Noten eines alkoholfreien Getr\u00e4nks bevorzugen, unser <strong>Aperitif zur Er\u00f6ffnung des Snack-B\u00fcfetts<\/strong> ist genau das, was Sie nach einem zauberhaften Tag am Strand brauchen. Der Aperitif wird drei Mal pro Woche am Rand des Swimmingpools f\u00fcr Sie zubereitet.<\/p>\n<p>Wie bekannt steht die Romagna f\u00fcr gute K\u00fcche und Geselligkeit. Das diesem Grund haben wir im Hotel Novecento einen speziellen Abend entwickelt, das <strong>Gala-Dinner am Donnerstag<\/strong>, bei dem wir uns kennen lernen und die K\u00f6stlichkeiten des Territoriums kosten k\u00f6nnen, von den schmackhaften Wurst- und K\u00e4sesorten des Hinterlands bis zu den frischen Pfirsichen der Adria. Dazu eine Auswahl von gro\u00dfen Weinen aus lokaler Produktion, wie der in Barrique ausgebauten Sangiovese Superiore und der Pignoletto.<\/p>\n<p>Der magischste Moment ist jedoch der <strong>Sonntagabend<\/strong>. Ziehen Sie sich etwas an, in dem Sie sich besonders f\u00fchlen, und legen Sie ein wenig Parf\u00fcm auf. Wir erwarten Sie am <strong>Rand des Swimmingpools mit dem Gran Buffet mit Obst und S\u00fc\u00dfspeisen<\/strong>. Die Atmosph\u00e4re ist wirklich au\u00dfergew\u00f6hnlich.<\/p>\n<p>Kerzenschein, Hintergrundmusik, sch\u00f6nen und gute Desserts, viel Obst sowie ein Toast unter Sternen, zusammen mit alten und neuen Freunden. Zusammen mit uns.<\/p>\n<p>Alle Desserts werden w\u00e4hrend des Tages zubereitet, damit sie nach dem Abendessen fertig sind. Eine Auswahl von S\u00fc\u00dfspeisen, die f\u00fcr einen Abend zum S\u00fcndigen verleiten. Und durch die eleganten Verzierungen und den Kerzenschein bekommt auch das Auge seinen Teil.<\/p>\n<p><strong>Alles begleitet von Hintergrundmusik.<\/strong><\/p>\n<p><strong>Die ideale Gelegenheit, um zusammen auf den verdienten Urlaub am Meer in Riccione anzusto\u00dfen.<\/strong><\/p>\n<p><\/div><br \/>\n<\/div><\/p>\n","protected":false},"excerpt":{"rendered":"<p>Das bietet der Sommer in der Romagna Riccione ist eine vielseitige Stadt, die viele Anregungen f\u00fcr Ihren Urlaub bietet. Vom Vergn\u00fcgen in den Themenparks bis hin zu Ausfl\u00fcgen in Kultur und Geschichte. Jeder Park bietet einzigartige Emotionen. Von Fiabilandia, der verzauberten M\u00e4rchenlandschaft, bis hin zu Aquafan mit einer Vielzahl von Wasserrutschen und Pools. Und au\u00dferdem [&hellip;]<\/p>\n","protected":false},"author":5,"featured_media":0,"parent":0,"menu_order":0,"comment_status":"closed","ping_status":"closed","template":"","meta":{"_acf_changed":false},"class_list":["post-1829","page","type-page","status-publish","hentry"],"acf":[],"aioseo_notices":[],"_links":{"self":[{"href":"https:\/\/www.hotelnovecento.it\/de\/wp-json\/wp\/v2\/pages\/1829","targetHints":{"allow":["GET"]}}],"collection":[{"href":"https:\/\/www.hotelnovecento.it\/de\/wp-json\/wp\/v2\/pages"}],"about":[{"href":"https:\/\/www.hotelnovecento.it\/de\/wp-json\/wp\/v2\/types\/page"}],"author":[{"embeddable":true,"href":"https:\/\/www.hotelnovecento.it\/de\/wp-json\/wp\/v2\/users\/5"}],"replies":[{"embeddable":true,"href":"https:\/\/www.hotelnovecento.it\/de\/wp-json\/wp\/v2\/comments?post=1829"}],"version-history":[{"count":0,"href":"https:\/\/www.hotelnovecento.it\/de\/wp-json\/wp\/v2\/pages\/1829\/revisions"}],"wp:attachment":[{"href":"https:\/\/www.hotelnovecento.it\/de\/wp-json\/wp\/v2\/media?parent=1829"}],"curies":[{"name":"wp","href":"https:\/\/api.w.org\/{rel}","templated":true}]}}