{"id":1827,"date":"2016-03-18T14:29:48","date_gmt":"2016-03-18T13:29:48","guid":{"rendered":"https:\/\/www.hotelnovecento.it\/all-inclusive-riccione\/"},"modified":"2025-04-02T15:57:35","modified_gmt":"2025-04-02T13:57:35","slug":"bed-and-breakfast-riccione","status":"publish","type":"page","link":"https:\/\/www.hotelnovecento.it\/de\/bed-and-breakfast-riccione\/","title":{"rendered":"Urlaubs-Formeln"},"content":{"rendered":"<h2>Das Hotel Novecento bietet Ihnen 3 Formeln zur Auswahl f\u00fcr Ihren individuellen Urlaub.<\/h2>\n<p style=\"text-align: center;\"><span style=\"font-size: 18pt;\"> W\u00e4hlen Sie das Zimmer, das Sie bevorzugen, die gew\u00fcnschten Dienstleistungen und schlie\u00dflich die Formel, die zu Ihnen passt &#8230; stellen Sie sich Ihren ma\u00dfgeschneiderten Urlaub nach Ihren W\u00fcnschen zusammen!<\/span><\/p>\n<p><img loading=\"lazy\" decoding=\"async\" class=\" wp-image-6412 alignleft\" src=\"https:\/\/www.hotelnovecento.it\/wp-content\/uploads\/2024\/01\/bb_formula.png\" alt=\"Formula B&amp;B\" width=\"114\" height=\"134\" \/><\/p>\n<h3>B&amp;B-FORMEL<\/h3>\n<p>Ein komfortabler und zeitfreier Urlaub mit allen wesentlichen Dienstleistungen, die Sie f\u00fcr einen erholsamen und erholsamen Urlaub ben\u00f6tigen, nur wenige Schritte vom Strand von Riccione entfernt. Ideal f\u00fcr alle, die Komfort, Bequemlichkeit und das richtige Ma\u00df an Freiheit suchen!<\/p>\n<p><strong>Die WEB-Formel beinhaltet:<\/strong><\/p>\n<ul>\n<li>Komfortable <strong>Zimmer<\/strong><\/li>\n<li><strong>Fr\u00fchst\u00fccksbuffet<\/strong> mit s\u00fc\u00dfen und herzhaften Spezialit\u00e4ten<\/li>\n<li>Zugang zum auf <span style=\"color: #ff0000;\">28\u00b0 <\/span>beheizten <strong>Au\u00dfenpool<\/strong><\/li>\n<li>Freier Zugang zur <strong>Sonnenterrasse<\/strong> mit Teakholz-Sonnenliegen<\/li>\n<li>Freier Zugang zum\u00a0<span style=\"color: #ff0000;\">32\u00b0<\/span> warmen <strong>Whirlpool mit Meerblick<\/strong><\/li>\n<\/ul>\n<p>&nbsp;<\/p>\n<hr \/>\n<p><img loading=\"lazy\" decoding=\"async\" class=\"size-full wp-image-6413 alignleft\" src=\"https:\/\/www.hotelnovecento.it\/wp-content\/uploads\/2018\/08\/formula-beach128.png\" alt=\"Formula Beach\" width=\"114\" height=\"134\" \/><\/p>\n<h3>BEACH-FORMEL<\/h3>\n<p>Die ideale Wahl f\u00fcr einen Urlaub in Freiheit, <strong>Paket inklusive Strand und Parkplatz<\/strong>! Entspannen Sie sich am Strand, lassen Sie sich vom sanften Rauschen der Wellen einlullen und denken Sie einfach daran, Ihren Urlaub zu genie\u00dfen.<\/p>\n<p><strong>Die BEACH-Formel beinhaltet:<\/strong><\/p>\n<ul>\n<li><strong>Komfortzimmer<\/strong><\/li>\n<li><strong>Fr\u00fchst\u00fccksbuffet<\/strong> mit s\u00fc\u00dfen und herzhaften Spezialit\u00e4ten<\/li>\n<li><strong>Strandservice<\/strong> mit 1 Sonnenschirm und 2 Sonnenliegen: bevorzugen Sie den 1. Sektor? Lass uns wissen!<\/li>\n<li><strong>Reservierter Parkplatz,<\/strong> Sie k\u00f6nnen zwischen dem externen Parkplatz im Geb\u00e4ude oder der internen Garage w\u00e4hlen<\/li>\n<li>Zugang zum auf <span style=\"color: #ff0000;\">28\u00b0<\/span>beheizten <strong>Au\u00dfenpool<\/strong><\/li>\n<li>Freier Zugang zur <strong>Sonnenterrasse<\/strong> mit Teakholz-Sonnenliegen<\/li>\n<li>Freier Zugang zum\u00a0<span style=\"color: #ff0000;\">32\u00b0<\/span> warmen <strong>Whirlpool mit Meerblick<\/strong><\/li>\n<\/ul>\n<hr \/>\n<p><img loading=\"lazy\" decoding=\"async\" class=\"size-full wp-image-17080 alignleft\" src=\"https:\/\/www.hotelnovecento.it\/wp-content\/uploads\/2024\/03\/icona-BBspiaggia.png\" alt=\"\" width=\"128\" height=\"151\" \/><\/p>\n<h3>SEASIDE-FORMEL<\/h3>\n<p>Eine zus\u00e4tzliche Betreuung f\u00fcr einen entspannten und komfortablen Urlaub. Eine perfekte Mischung aus Komfort, Annehmlichkeiten und Bequemlichkeit. <strong>Sie \u00fcbernachten in einem Bed and Breakfast und genie\u00dfen gleichzeitig das Vergn\u00fcgen, sich am Meer zu entspannen<\/strong>, so wie Sie es lieben!<\/p>\n<p><strong>Die SEASIDE-Formel beinhaltet:<\/strong><\/p>\n<ul>\n<li>Komfortable <strong>Zimmer<\/strong><\/li>\n<li><strong>Fr\u00fchst\u00fccksbuffet<\/strong> mit s\u00fc\u00dfen und herzhaften Spezialit\u00e4ten<\/li>\n<li>Zugang zum auf <span style=\"color: #ff0000;\">28\u00b0<\/span>beheizten <strong>Au\u00dfenpool<\/strong><\/li>\n<li>Freier Zugang zur <strong>Sonnenterrasse<\/strong> mit Teakholz-Sonnenliegen<\/li>\n<li>Freier Zugang zum\u00a0<span style=\"color: #ff0000;\">32\u00b0<\/span> warmen <strong>Whirlpool mit Meerblick<\/strong><\/li>\n<li><strong>Strandservice<\/strong> in der N\u00e4he des Meeres (1. Sektor) mit 1 Sonnenschirm und 2 Liegen<\/li>\n<li><strong>Reservierter Parkplatz,<\/strong> Sie k\u00f6nnen zwischen dem externen Parkplatz im Geb\u00e4ude oder der internen Garage w\u00e4hlen<\/li>\n<li><strong>Team von qualifizierten Masseuren: <\/strong>jeden Dienstag, Donnerstag und Samstag im gem\u00fctlichen Massageraum Buchen Sie Ihre Massage an der Rezeption!<\/li>\n<\/ul>\n","protected":false},"excerpt":{"rendered":"<p>Das Hotel Novecento bietet Ihnen 3 Formeln zur Auswahl f\u00fcr Ihren individuellen Urlaub. W\u00e4hlen Sie das Zimmer, das Sie bevorzugen, die gew\u00fcnschten Dienstleistungen und schlie\u00dflich die Formel, die zu Ihnen passt &#8230; stellen Sie sich Ihren ma\u00dfgeschneiderten Urlaub nach Ihren W\u00fcnschen zusammen! B&amp;B-FORMEL Ein komfortabler und zeitfreier Urlaub mit allen wesentlichen Dienstleistungen, die Sie f\u00fcr [&hellip;]<\/p>\n","protected":false},"author":1,"featured_media":0,"parent":0,"menu_order":0,"comment_status":"closed","ping_status":"closed","template":"","meta":{"_acf_changed":false},"class_list":["post-1827","page","type-page","status-publish","hentry"],"acf":[],"aioseo_notices":[],"_links":{"self":[{"href":"https:\/\/www.hotelnovecento.it\/de\/wp-json\/wp\/v2\/pages\/1827","targetHints":{"allow":["GET"]}}],"collection":[{"href":"https:\/\/www.hotelnovecento.it\/de\/wp-json\/wp\/v2\/pages"}],"about":[{"href":"https:\/\/www.hotelnovecento.it\/de\/wp-json\/wp\/v2\/types\/page"}],"author":[{"embeddable":true,"href":"https:\/\/www.hotelnovecento.it\/de\/wp-json\/wp\/v2\/users\/1"}],"replies":[{"embeddable":true,"href":"https:\/\/www.hotelnovecento.it\/de\/wp-json\/wp\/v2\/comments?post=1827"}],"version-history":[{"count":0,"href":"https:\/\/www.hotelnovecento.it\/de\/wp-json\/wp\/v2\/pages\/1827\/revisions"}],"wp:attachment":[{"href":"https:\/\/www.hotelnovecento.it\/de\/wp-json\/wp\/v2\/media?parent=1827"}],"curies":[{"name":"wp","href":"https:\/\/api.w.org\/{rel}","templated":true}]}}