{"id":1821,"date":"2016-12-28T13:53:55","date_gmt":"2016-12-28T12:53:55","guid":{"rendered":"https:\/\/www.hotelnovecento.it\/servizio-biciclette\/"},"modified":"2017-03-22T16:11:34","modified_gmt":"2017-03-22T15:11:34","slug":"fahrradbenutzung","status":"publish","type":"page","link":"https:\/\/www.hotelnovecento.it\/de\/fahrradbenutzung\/","title":{"rendered":"Kostenlose Fahrradbenutzung"},"content":{"rendered":"<h2>Entdecken Sie Riccione und das Hinterland mit Ihrem Bike<\/h2>\n<p>Riccione ist bei Tag und bei Nacht eine lebhafte Stadt, die man am besten mit dem Fahrrad entdecken kann. Das <strong>Hotel Novecento seinen G\u00e4sten w\u00e4hrend des Urlaubs<\/strong> am Meer <strong>kostenlos City\u00a0Bikes<\/strong> zur Verf\u00fcgung.<\/p>\n<p><strong>Einige Fahrr\u00e4der sind ausgestattet mit Kindersitz<\/strong>, damit Sie entspannte Familienausfl\u00fcge machen k\u00f6nnen.<\/p>\n<p>Falls Sie Abenteuer auf zwei R\u00e4dern lieben, finden Sie wenige Meter vom Hotel <strong>Decibel Zero, die Anlaufstelle f\u00fcr Fahrradfreunde in Riccione<\/strong>. Hier k\u00f6nnen Sie <strong>Fahrr\u00e4der aller Art mieten<\/strong> (vom traditionellen Mountain Bike bis hin zu E-Bikes) und zu Ausfl\u00fcgen auf den <strong>besten Radwegen der Romagna aufbrechen<\/strong>.<\/p>\n<p>Gerne organisieren wir f\u00fcr Sie Ausfl\u00fcge ins Hinterland und in das H\u00fcgelland der Romagna, das atemberaubende Panoramen bietet.<\/p>\n","protected":false},"excerpt":{"rendered":"<p>Entdecken Sie Riccione und das Hinterland mit Ihrem Bike Riccione ist bei Tag und bei Nacht eine lebhafte Stadt, die man am besten mit dem Fahrrad entdecken kann. Das Hotel Novecento seinen G\u00e4sten w\u00e4hrend des Urlaubs am Meer kostenlos City\u00a0Bikes zur Verf\u00fcgung. Einige Fahrr\u00e4der sind ausgestattet mit Kindersitz, damit Sie entspannte Familienausfl\u00fcge machen k\u00f6nnen. Falls [&hellip;]<\/p>\n","protected":false},"author":1,"featured_media":0,"parent":0,"menu_order":0,"comment_status":"closed","ping_status":"closed","template":"","meta":{"_acf_changed":false},"class_list":["post-1821","page","type-page","status-publish","hentry"],"acf":[],"aioseo_notices":[],"_links":{"self":[{"href":"https:\/\/www.hotelnovecento.it\/de\/wp-json\/wp\/v2\/pages\/1821","targetHints":{"allow":["GET"]}}],"collection":[{"href":"https:\/\/www.hotelnovecento.it\/de\/wp-json\/wp\/v2\/pages"}],"about":[{"href":"https:\/\/www.hotelnovecento.it\/de\/wp-json\/wp\/v2\/types\/page"}],"author":[{"embeddable":true,"href":"https:\/\/www.hotelnovecento.it\/de\/wp-json\/wp\/v2\/users\/1"}],"replies":[{"embeddable":true,"href":"https:\/\/www.hotelnovecento.it\/de\/wp-json\/wp\/v2\/comments?post=1821"}],"version-history":[{"count":0,"href":"https:\/\/www.hotelnovecento.it\/de\/wp-json\/wp\/v2\/pages\/1821\/revisions"}],"wp:attachment":[{"href":"https:\/\/www.hotelnovecento.it\/de\/wp-json\/wp\/v2\/media?parent=1821"}],"curies":[{"name":"wp","href":"https:\/\/api.w.org\/{rel}","templated":true}]}}