{"id":1819,"date":"2016-12-27T16:54:03","date_gmt":"2016-12-27T15:54:03","guid":{"rendered":"https:\/\/www.hotelnovecento.it\/parcheggio\/"},"modified":"2024-08-02T17:50:40","modified_gmt":"2024-08-02T15:50:40","slug":"parkplatz","status":"publish","type":"page","link":"https:\/\/www.hotelnovecento.it\/de\/parkplatz\/","title":{"rendered":"3 Parkplatztypen"},"content":{"rendered":"<h2>F\u00fcr einen sorgenfreien Urlaub, mit dem Auto stets in der N\u00e4he<\/h2>\n<p><span style=\"font-weight: 400;\"><img loading=\"lazy\" decoding=\"async\" class=\"alignleft wp-image-1228\" src=\"https:\/\/www.hotelnovecento.it\/wp-content\/uploads\/2016\/12\/stazione-riccione-vicinohotel-novecento.png\" alt=\"stazione-riccione-vicinohotel-novecento\" width=\"100\" height=\"100\" \/> Der Bahnhof von Riccione ist nur 1,5 km vom Hotel entfernt.<br \/>\nAuf Wunsch k\u00f6nnen Sie bei Ihrer Ankunft den kostenlosen Shuttle-Service nutzen.<br \/>\n<\/span><em><span style=\"font-weight: 400;\">Auf diese Weise vermeiden Sie unn\u00f6tige Fahrten, was der Umwelt zugutekommt.<\/span><\/em><\/p>\n<p><span style=\"font-weight: 400;\"><img loading=\"lazy\" decoding=\"async\" class=\"alignleft wp-image-1229\" src=\"https:\/\/www.hotelnovecento.it\/wp-content\/uploads\/2016\/12\/Parcheggio-hotel-novecento-riccione.png\" alt=\"Parcheggio-hotel-novecento-riccione\" width=\"110\" height=\"110\" \/><\/span><\/p>\n<p>Auch wenn Sie nicht auf das Auto verzichten wollen, haben wir im Hotel Novecento an Sie gedacht.<br \/>\nWie wissen, wie wichtig es ist, einen sicheren Parkplatz zu finden, um den Urlaub in Ruhe genie\u00dfen zu k\u00f6nnen, auch in der Hochsaison in Riccione.<\/p>\n<p><span style=\"font-weight: 400;\">Aus diesem Grund verf\u00fcgen wir \u00fcber <strong>drei Parkplatzl\u00f6sungen<\/strong>:<\/span><\/p>\n<ul>\n<li><strong>Garage im Hotel, privat und video-\u00fcberwacht<\/strong>: \u20ac 13,00 pro Tag<\/li>\n<li><span style=\"font-weight: 400;\"><strong>privater \u00fcberdachter Parkplatz unter der Terrasse des Swimmingpools<\/strong>: \u20ac 10,00 pro Tag \u00a0<\/span><span style=\"font-weight: 400;\"><strong><br \/>\n<\/strong><\/span><\/li>\n<\/ul>\n<h3><span style=\"font-weight: 400;\">Sie m\u00fcssen nur die richtige L\u00f6sung f\u00fcr Ihr Auto ausw\u00e4hlen!<\/span><\/h3>\n","protected":false},"excerpt":{"rendered":"<p>F\u00fcr einen sorgenfreien Urlaub, mit dem Auto stets in der N\u00e4he Der Bahnhof von Riccione ist nur 1,5 km vom Hotel entfernt. Auf Wunsch k\u00f6nnen Sie bei Ihrer Ankunft den kostenlosen Shuttle-Service nutzen. Auf diese Weise vermeiden Sie unn\u00f6tige Fahrten, was der Umwelt zugutekommt. Auch wenn Sie nicht auf das Auto verzichten wollen, haben wir [&hellip;]<\/p>\n","protected":false},"author":1,"featured_media":0,"parent":0,"menu_order":0,"comment_status":"closed","ping_status":"closed","template":"","meta":{"_acf_changed":false},"class_list":["post-1819","page","type-page","status-publish","hentry"],"acf":[],"aioseo_notices":[],"_links":{"self":[{"href":"https:\/\/www.hotelnovecento.it\/de\/wp-json\/wp\/v2\/pages\/1819","targetHints":{"allow":["GET"]}}],"collection":[{"href":"https:\/\/www.hotelnovecento.it\/de\/wp-json\/wp\/v2\/pages"}],"about":[{"href":"https:\/\/www.hotelnovecento.it\/de\/wp-json\/wp\/v2\/types\/page"}],"author":[{"embeddable":true,"href":"https:\/\/www.hotelnovecento.it\/de\/wp-json\/wp\/v2\/users\/1"}],"replies":[{"embeddable":true,"href":"https:\/\/www.hotelnovecento.it\/de\/wp-json\/wp\/v2\/comments?post=1819"}],"version-history":[{"count":0,"href":"https:\/\/www.hotelnovecento.it\/de\/wp-json\/wp\/v2\/pages\/1819\/revisions"}],"wp:attachment":[{"href":"https:\/\/www.hotelnovecento.it\/de\/wp-json\/wp\/v2\/media?parent=1819"}],"curies":[{"name":"wp","href":"https:\/\/api.w.org\/{rel}","templated":true}]}}