{"id":1817,"date":"2015-05-12T16:36:53","date_gmt":"2015-05-12T14:36:53","guid":{"rendered":"https:\/\/www.hotelnovecento.it\/ristorante\/"},"modified":"2025-04-02T15:40:39","modified_gmt":"2025-04-02T13:40:39","slug":"fruehstueck","status":"publish","type":"page","link":"https:\/\/www.hotelnovecento.it\/de\/fruehstueck\/","title":{"rendered":"Ein Fr\u00fchst\u00fcck mit Meerblick"},"content":{"rendered":"<h2>Momente voller Geschmack und Freiheit f\u00fcr einen eleganten Urlaub am Meer in Riccione.<\/h2>\n<p>Qualit\u00e4t, Eleganz und Geschmack.<br \/>\nDas Hotel Novecento versteht es, den Gaumen seiner G\u00e4ste zu erobern und jeden Morgen unbezahlbare Momente angenehmer Entspannung zu bieten, sodass jedes Erwachen wirklich ein guter Morgen ist. <b><\/b><\/p>\n<h3>Fr\u00fchst\u00fcck am Pool.<\/h3>\n<p>Der Duft von echtem Espressokaffee und die K\u00f6stlichkeiten vieler frisch gebackener s\u00fc\u00dfer und herzhafter Spezialit\u00e4ten begr\u00fc\u00dfen Sie morgens im Fr\u00fchst\u00fccksraum.<br \/>\nDas <strong>Buffet<\/strong> steht Ihnen <strong>von 7.30 bis 11.00 Uhr<\/strong> zur Verf\u00fcgung. Genie\u00dfen Sie Ihr Fr\u00fchst\u00fcck, wo immer Sie m\u00f6chten: im Fr\u00fchst\u00fccksraum oder am Pool, im Freien.<br \/>\nIm Hotel Novecento k\u00f6nnen Sie diesen Moment puren Vergn\u00fcgens erleben.<\/p>\n<p>Der Kaffee mit einzigartiger Mischung und intensivem Aroma wird zu Bohnen und Espresso gemahlen. <strong>Exzellenz wird in einer Mischung von Vorschl\u00e4gen serviert<\/strong>, die Ihren Gaumen schon am fr\u00fchen Morgen erobern, darunter hausgemachte Kuchen, Croissants, Wurstwaren und Aufschnitt von h\u00f6chster Qualit\u00e4t sowie eine Ecke leichter Vorschl\u00e4ge.<\/p>\n<p>Wenn Sie sich jedoch ein langsames Erwachen g\u00f6nnen und sich bis sp\u00e4t in den Morgen verw\u00f6hnen lassen m\u00f6chten, buchen Sie den Zimmerservice und genie\u00dfen Sie den Luxus eines <strong>Fr\u00fchst\u00fccks, das bis 12.00 Uhr auf Ihrem Zimmer serviert wird<\/strong>.<\/p>\n<h3>Mittagessen &#8220;in der Romagna unterwegs&#8221; oder in unserer Snackbar.<\/h3>\n<p>Beim Mittagessen k\u00f6nnen Sie frei w\u00e4hlen, was Ihnen am besten schmeckt, und essen, wo Sie m\u00f6chten.<\/p>\n<p>Fragen Sie an der Rezeption nach den besten Restaurants in der Umgebung, die Sie sich nicht entgehen lassen sollten: <strong>Wir haben Vereinbarungen mit vielen Lokalen, in denen du zu erm\u00e4\u00dfigten Preisen zu Mittag essen kannst!<\/strong><\/p>\n<p>Wenn Sie lieber im Hotel \u00fcbernachten m\u00f6chten, bietet unsere Poolbar <strong>eine kleine Auswahl an leckeren und leichten Snacks<\/strong>.<\/p>\n<p>Wenn Sie Fisch lieben, k\u00f6nnen Sie in den Tavernen in der N\u00e4he des Hotels immer frischen Fisch probieren, frisch gefangen aus der blauen Adria! Ganz zu schweigen vom Fleisch: von frisch gef\u00fcllten Nudeln bis hin zu gemischten Grillgerichten, die Sie mit Blick auf das Meer genie\u00dfen k\u00f6nnen.<\/p>\n<p>Verpassen Sie jedoch nicht den wahren Protagonisten, die handgemachte Romagna-Piadina, die Sie ausschlie\u00dflich in den ber\u00fchmtesten Kiosken von Riccione probieren k\u00f6nnen!<\/p>\n<h3>Aperitifs und Cocktails bei Sonnenuntergang am Pool<\/h3>\n<p>Die Poolbar ist t\u00e4glich von 17:00 bis 22:00 Uhr ge\u00f6ffnet und unser professioneller Barmann hei\u00dft Sie mit einer <strong>reichhaltigen Auswahl an Cocktails<\/strong> willkommen.<\/p>\n<p>F\u00fcr unsere Kunden haben wir die begehrtesten und hochwertigsten Lik\u00f6re ausgew\u00e4hlt.<\/p>\n<p>Und f\u00fcr alle Liebhaber des italienischen Lebensstils organisieren wir jede Woche <strong>Essens &#8211; und Weinproben<\/strong> mit stolzen lokalen Weinen und gastronomischen Produkten im Umkreis von null Kilometern.<\/p>\n<div class='wpmf-gallerys'><div id=\"gallery-1\"\n data-gutter-width=\"5\"\n  data-wpmfcolumns=\"3\" class=\"gallery gallery-link-file gallery-masonry galleryid-1817 gallery-columns-3 gallery-size-thumbnail wpmf-gallery-bottomspace-default wpmf-gallery-clear\"><div class=\"wpmf-gallery-item\n     wpmf-gallery-item-position-1 wpmf-gallery-item-attachment-17005\"><div class=\"gallery-icon landscape\"><a class=\" not_video\" data-lightbox=\"1\" href=\"https:\/\/www.hotelnovecento.it\/wp-content\/uploads\/2023\/12\/V5Y1583-2.jpg\" data-title=\"_V5Y1583 2\" title=\"_V5Y1583 2\" target=\"\" data-size=\"1287x799\"><img loading=\"lazy\" decoding=\"async\" width=\"360\" height=\"270\" src=\"https:\/\/www.hotelnovecento.it\/wp-content\/uploads\/2023\/12\/V5Y1583-2-360x270.jpg\" class=\"attachment-thumbnail size-thumbnail\" alt=\"\" data-type=\"wpmfgalleryimg\" data-lazy-src=\"0\" srcset=\"https:\/\/www.hotelnovecento.it\/wp-content\/uploads\/2023\/12\/V5Y1583-2-360x270.jpg 360w, https:\/\/www.hotelnovecento.it\/wp-content\/uploads\/2023\/12\/V5Y1583-2-640x480.jpg 640w\" sizes=\"auto, (max-width: 360px) 100vw, 360px\" \/><\/a><\/div><\/div><div class=\"wpmf-gallery-item\n     wpmf-gallery-item-position-2 wpmf-gallery-item-attachment-17009\"><div class=\"gallery-icon landscape\"><a class=\" not_video\" data-lightbox=\"1\" href=\"https:\/\/www.hotelnovecento.it\/wp-content\/uploads\/2023\/12\/V5Y1608-2.jpg\" data-title=\"_V5Y1608 2\" title=\"_V5Y1608 2\" target=\"\" data-size=\"1417x914\"><img loading=\"lazy\" decoding=\"async\" width=\"360\" height=\"270\" src=\"https:\/\/www.hotelnovecento.it\/wp-content\/uploads\/2023\/12\/V5Y1608-2-360x270.jpg\" class=\"attachment-thumbnail size-thumbnail\" alt=\"\" data-type=\"wpmfgalleryimg\" data-lazy-src=\"0\" srcset=\"https:\/\/www.hotelnovecento.it\/wp-content\/uploads\/2023\/12\/V5Y1608-2-360x270.jpg 360w, https:\/\/www.hotelnovecento.it\/wp-content\/uploads\/2023\/12\/V5Y1608-2-640x480.jpg 640w\" sizes=\"auto, (max-width: 360px) 100vw, 360px\" \/><\/a><\/div><\/div><div class=\"wpmf-gallery-item\n     wpmf-gallery-item-position-3 wpmf-gallery-item-attachment-17017\"><div class=\"gallery-icon landscape\"><a class=\" not_video\" data-lightbox=\"1\" href=\"https:\/\/www.hotelnovecento.it\/wp-content\/uploads\/2023\/12\/V5Y1480.jpg\" data-title=\"_V5Y1480\" title=\"_V5Y1480\" target=\"\" data-size=\"1440x960\"><img loading=\"lazy\" decoding=\"async\" width=\"360\" height=\"270\" src=\"https:\/\/www.hotelnovecento.it\/wp-content\/uploads\/2023\/12\/V5Y1480-360x270.jpg\" class=\"attachment-thumbnail size-thumbnail\" alt=\"\" data-type=\"wpmfgalleryimg\" data-lazy-src=\"0\" srcset=\"https:\/\/www.hotelnovecento.it\/wp-content\/uploads\/2023\/12\/V5Y1480-360x270.jpg 360w, https:\/\/www.hotelnovecento.it\/wp-content\/uploads\/2023\/12\/V5Y1480-640x480.jpg 640w\" sizes=\"auto, (max-width: 360px) 100vw, 360px\" \/><\/a><\/div><\/div><div class=\"wpmf-gallery-item\n     wpmf-gallery-item-position-4 wpmf-gallery-item-attachment-17021\"><div class=\"gallery-icon landscape\"><a class=\" not_video\" data-lightbox=\"1\" href=\"https:\/\/www.hotelnovecento.it\/wp-content\/uploads\/2023\/12\/V5Y1532.jpg\" data-title=\"_V5Y1532\" title=\"_V5Y1532\" target=\"\" data-size=\"1233x776\"><img loading=\"lazy\" decoding=\"async\" width=\"360\" height=\"270\" src=\"https:\/\/www.hotelnovecento.it\/wp-content\/uploads\/2023\/12\/V5Y1532-360x270.jpg\" class=\"attachment-thumbnail size-thumbnail\" alt=\"\" data-type=\"wpmfgalleryimg\" data-lazy-src=\"0\" srcset=\"https:\/\/www.hotelnovecento.it\/wp-content\/uploads\/2023\/12\/V5Y1532-360x270.jpg 360w, https:\/\/www.hotelnovecento.it\/wp-content\/uploads\/2023\/12\/V5Y1532-640x480.jpg 640w\" sizes=\"auto, (max-width: 360px) 100vw, 360px\" \/><\/a><\/div><\/div><\/div><\/div>\n\n","protected":false},"excerpt":{"rendered":"<p>Momente voller Geschmack und Freiheit f\u00fcr einen eleganten Urlaub am Meer in Riccione. Qualit\u00e4t, Eleganz und Geschmack. Das Hotel Novecento versteht es, den Gaumen seiner G\u00e4ste zu erobern und jeden Morgen unbezahlbare Momente angenehmer Entspannung zu bieten, sodass jedes Erwachen wirklich ein guter Morgen ist. Fr\u00fchst\u00fcck am Pool. Der Duft von echtem Espressokaffee und die [&hellip;]<\/p>\n","protected":false},"author":5,"featured_media":0,"parent":0,"menu_order":0,"comment_status":"closed","ping_status":"closed","template":"","meta":{"_acf_changed":false},"class_list":["post-1817","page","type-page","status-publish","hentry"],"acf":[],"aioseo_notices":[],"_links":{"self":[{"href":"https:\/\/www.hotelnovecento.it\/de\/wp-json\/wp\/v2\/pages\/1817","targetHints":{"allow":["GET"]}}],"collection":[{"href":"https:\/\/www.hotelnovecento.it\/de\/wp-json\/wp\/v2\/pages"}],"about":[{"href":"https:\/\/www.hotelnovecento.it\/de\/wp-json\/wp\/v2\/types\/page"}],"author":[{"embeddable":true,"href":"https:\/\/www.hotelnovecento.it\/de\/wp-json\/wp\/v2\/users\/5"}],"replies":[{"embeddable":true,"href":"https:\/\/www.hotelnovecento.it\/de\/wp-json\/wp\/v2\/comments?post=1817"}],"version-history":[{"count":0,"href":"https:\/\/www.hotelnovecento.it\/de\/wp-json\/wp\/v2\/pages\/1817\/revisions"}],"wp:attachment":[{"href":"https:\/\/www.hotelnovecento.it\/de\/wp-json\/wp\/v2\/media?parent=1817"}],"curies":[{"name":"wp","href":"https:\/\/api.w.org\/{rel}","templated":true}]}}