{"id":1812,"date":"2015-05-12T16:19:45","date_gmt":"2015-05-12T14:19:45","guid":{"rendered":"https:\/\/www.hotelnovecento.it\/piscina\/"},"modified":"2025-04-02T16:05:51","modified_gmt":"2025-04-02T14:05:51","slug":"swimmingpool","status":"publish","type":"page","link":"https:\/\/www.hotelnovecento.it\/de\/swimmingpool\/","title":{"rendered":"Ihr Swimmingpool ist transparent und wundersch\u00f6n"},"content":{"rendered":"<h2>Jeder Moment des Tages ist sch\u00f6ner im Wasser<\/h2>\n<h3>DAS HOTEL NOVECENTO VERF\u00dcGT \u00dcBER EINEN HERRLICHEN 50 QM GROSSEN POOL.<\/h3>\n<p><span style=\"font-weight: 400;\">Ab 11 Uhr liegt <strong>der Pool direkt in der Sonne.<br \/>\n<\/strong>Erleben Sie die Sonnenterrasse, entspannenSie sich auf den Holzliegen und genie\u00dfen Sie den Meerblick, der von hier aus wirklich beeindruckend ist. <\/span><\/p>\n<p><strong>Es ist Ihr Urlaub und Sie verdienen es, von Sch\u00f6nheit umgeben zu sein.<\/strong><\/p>\n<p>Wenn Sie etwas Besonderes suchen, nutzen Sie die<strong> Riccione Spa oder buchen Sie eine Behandlung im Caff\u00e8 Tangeri, f\u00fcr einen exotischen Spa Day.<\/strong><\/p>\n<h3>SPORT AUCH IM URLAUB.<\/h3>\n<p>Damit Sie auch im Urlaub in Form bleiben, gibt es hier ein <a href=\"https:\/\/www.hotelnovecento.it\/de\/turnhalle\/\"><strong>Fitnessstudio<\/strong> <\/a>mit Tecnogym-Ger\u00e4ten, die h\u00f6chste Qualit\u00e4t, Sicherheit und Leistung f\u00fcr Ihr k\u00f6rperliches Wohlbefinden gew\u00e4hrleisten.<\/p>\n<div class='wpmf-gallerys'><div id=\"gallery-1\"\n data-gutter-width=\"5\"\n  data-wpmfcolumns=\"4\" class=\"gallery gallery-link-file gallery-masonry galleryid-1812 gallery-columns-4 gallery-size-thumbnail wpmf-gallery-bottomspace-default wpmf-gallery-clear\"><div class=\"wpmf-gallery-item\n     wpmf-gallery-item-position-1 wpmf-gallery-item-attachment-16974\"><div class=\"gallery-icon landscape\"><a class=\" not_video\" data-lightbox=\"1\" href=\"https:\/\/www.hotelnovecento.it\/wp-content\/uploads\/2023\/08\/gallery-aperitivo-1452x855.jpg\" data-title=\"gallery aperitivo\" title=\"gallery aperitivo\" target=\"\" data-size=\"1452x1024\"><img loading=\"lazy\" decoding=\"async\" width=\"360\" height=\"270\" src=\"https:\/\/www.hotelnovecento.it\/wp-content\/uploads\/2023\/08\/gallery-aperitivo-360x270.jpg\" class=\"attachment-thumbnail size-thumbnail\" alt=\"\" data-type=\"wpmfgalleryimg\" data-lazy-src=\"0\" srcset=\"https:\/\/www.hotelnovecento.it\/wp-content\/uploads\/2023\/08\/gallery-aperitivo-360x270.jpg 360w, https:\/\/www.hotelnovecento.it\/wp-content\/uploads\/2023\/08\/gallery-aperitivo-640x480.jpg 640w\" sizes=\"auto, (max-width: 360px) 100vw, 360px\" \/><\/a><\/div><\/div><div class=\"wpmf-gallery-item\n     wpmf-gallery-item-position-2 wpmf-gallery-item-attachment-16978\"><div class=\"gallery-icon landscape\"><a class=\" not_video\" data-lightbox=\"1\" href=\"https:\/\/www.hotelnovecento.it\/wp-content\/uploads\/2023\/08\/gallery-aperitivo-piscina-1452x855.jpg\" data-title=\"gallery aperitivo piscina\" title=\"gallery aperitivo piscina\" target=\"\" data-size=\"1452x1024\"><img loading=\"lazy\" decoding=\"async\" width=\"360\" height=\"270\" src=\"https:\/\/www.hotelnovecento.it\/wp-content\/uploads\/2023\/08\/gallery-aperitivo-piscina-360x270.jpg\" class=\"attachment-thumbnail size-thumbnail\" alt=\"\" data-type=\"wpmfgalleryimg\" data-lazy-src=\"0\" srcset=\"https:\/\/www.hotelnovecento.it\/wp-content\/uploads\/2023\/08\/gallery-aperitivo-piscina-360x270.jpg 360w, https:\/\/www.hotelnovecento.it\/wp-content\/uploads\/2023\/08\/gallery-aperitivo-piscina-640x480.jpg 640w\" sizes=\"auto, (max-width: 360px) 100vw, 360px\" \/><\/a><\/div><\/div><div class=\"wpmf-gallery-item\n     wpmf-gallery-item-position-3 wpmf-gallery-item-attachment-16982\"><div class=\"gallery-icon landscape\"><a class=\" not_video\" data-lightbox=\"1\" href=\"https:\/\/www.hotelnovecento.it\/wp-content\/uploads\/2023\/08\/gallery-piscina-1452x855.jpg\" data-title=\"gallery piscina\" title=\"gallery piscina\" target=\"\" data-size=\"1452x1024\"><img loading=\"lazy\" decoding=\"async\" width=\"360\" height=\"270\" src=\"https:\/\/www.hotelnovecento.it\/wp-content\/uploads\/2023\/08\/gallery-piscina-360x270.jpg\" class=\"attachment-thumbnail size-thumbnail\" alt=\"\" data-type=\"wpmfgalleryimg\" data-lazy-src=\"0\" srcset=\"https:\/\/www.hotelnovecento.it\/wp-content\/uploads\/2023\/08\/gallery-piscina-360x270.jpg 360w, https:\/\/www.hotelnovecento.it\/wp-content\/uploads\/2023\/08\/gallery-piscina-640x480.jpg 640w\" sizes=\"auto, (max-width: 360px) 100vw, 360px\" \/><\/a><\/div><\/div><div class=\"wpmf-gallery-item\n     wpmf-gallery-item-position-4 wpmf-gallery-item-attachment-8887\"><div class=\"gallery-icon landscape\"><a class=\" not_video\" data-lightbox=\"1\" href=\"https:\/\/www.hotelnovecento.it\/wp-content\/uploads\/2015\/05\/hotel-novecento-riccione-4-1404x855.jpg\" data-title=\"Hotel Novecento Riccione (4)\" title=\"Hotel Novecento Riccione (4)\" target=\"\" data-size=\"1404x1024\"><img loading=\"lazy\" decoding=\"async\" width=\"360\" height=\"270\" src=\"https:\/\/www.hotelnovecento.it\/wp-content\/uploads\/2015\/05\/hotel-novecento-riccione-4-360x270.jpg\" class=\"attachment-thumbnail size-thumbnail\" alt=\"\" data-type=\"wpmfgalleryimg\" data-lazy-src=\"0\" srcset=\"https:\/\/www.hotelnovecento.it\/wp-content\/uploads\/2015\/05\/hotel-novecento-riccione-4-360x270.jpg 360w, https:\/\/www.hotelnovecento.it\/wp-content\/uploads\/2015\/05\/hotel-novecento-riccione-4-640x480.jpg 640w\" sizes=\"auto, (max-width: 360px) 100vw, 360px\" \/><\/a><\/div><\/div><div class=\"wpmf-gallery-item\n     wpmf-gallery-item-position-5 wpmf-gallery-item-attachment-8884\"><div class=\"gallery-icon landscape\"><a class=\" not_video\" data-lightbox=\"1\" href=\"https:\/\/www.hotelnovecento.it\/wp-content\/uploads\/2015\/05\/hotel-novecento-riccione-3-1452x855.jpg\" data-title=\"Hotel Novecento Riccione (3)\" title=\"Hotel Novecento Riccione (3)\" target=\"\" data-size=\"1452x1024\"><img loading=\"lazy\" decoding=\"async\" width=\"360\" height=\"270\" src=\"https:\/\/www.hotelnovecento.it\/wp-content\/uploads\/2015\/05\/hotel-novecento-riccione-3-360x270.jpg\" class=\"attachment-thumbnail size-thumbnail\" alt=\"\" data-type=\"wpmfgalleryimg\" data-lazy-src=\"0\" srcset=\"https:\/\/www.hotelnovecento.it\/wp-content\/uploads\/2015\/05\/hotel-novecento-riccione-3-360x270.jpg 360w, https:\/\/www.hotelnovecento.it\/wp-content\/uploads\/2015\/05\/hotel-novecento-riccione-3-640x480.jpg 640w\" sizes=\"auto, (max-width: 360px) 100vw, 360px\" \/><\/a><\/div><\/div><div class=\"wpmf-gallery-item\n     wpmf-gallery-item-position-6 wpmf-gallery-item-attachment-8869\"><div class=\"gallery-icon landscape\"><a class=\" not_video\" data-lightbox=\"1\" href=\"https:\/\/www.hotelnovecento.it\/wp-content\/uploads\/2015\/05\/hotel-novecento-riccione-6-1555x855.jpg\" data-title=\"Hotel Novecento Riccione (6)\" title=\"Hotel Novecento Riccione (6)\" target=\"\" data-size=\"1555x1024\"><img loading=\"lazy\" decoding=\"async\" width=\"360\" height=\"270\" src=\"https:\/\/www.hotelnovecento.it\/wp-content\/uploads\/2015\/05\/hotel-novecento-riccione-6-360x270.jpg\" class=\"attachment-thumbnail size-thumbnail\" alt=\"\" data-type=\"wpmfgalleryimg\" data-lazy-src=\"0\" srcset=\"https:\/\/www.hotelnovecento.it\/wp-content\/uploads\/2015\/05\/hotel-novecento-riccione-6-360x270.jpg 360w, https:\/\/www.hotelnovecento.it\/wp-content\/uploads\/2015\/05\/hotel-novecento-riccione-6-640x480.jpg 640w\" sizes=\"auto, (max-width: 360px) 100vw, 360px\" \/><\/a><\/div><\/div><div class=\"wpmf-gallery-item\n     wpmf-gallery-item-position-7 wpmf-gallery-item-attachment-8866\"><div class=\"gallery-icon landscape\"><a class=\" not_video\" data-lightbox=\"1\" href=\"https:\/\/www.hotelnovecento.it\/wp-content\/uploads\/2015\/05\/hotel-novecento-riccione-5-1420x855.jpg\" data-title=\"Hotel Novecento Riccione (5)\" title=\"Hotel Novecento Riccione (5)\" target=\"\" data-size=\"1420x1024\"><img loading=\"lazy\" decoding=\"async\" width=\"360\" height=\"270\" src=\"https:\/\/www.hotelnovecento.it\/wp-content\/uploads\/2015\/05\/hotel-novecento-riccione-5-360x270.jpg\" class=\"attachment-thumbnail size-thumbnail\" alt=\"\" data-type=\"wpmfgalleryimg\" data-lazy-src=\"0\" srcset=\"https:\/\/www.hotelnovecento.it\/wp-content\/uploads\/2015\/05\/hotel-novecento-riccione-5-360x270.jpg 360w, https:\/\/www.hotelnovecento.it\/wp-content\/uploads\/2015\/05\/hotel-novecento-riccione-5-640x480.jpg 640w\" sizes=\"auto, (max-width: 360px) 100vw, 360px\" \/><\/a><\/div><\/div><div class=\"wpmf-gallery-item\n     wpmf-gallery-item-position-8 wpmf-gallery-item-attachment-8872\"><div class=\"gallery-icon landscape\"><a class=\" not_video\" data-lightbox=\"1\" href=\"https:\/\/www.hotelnovecento.it\/wp-content\/uploads\/2015\/05\/hotel-novecento-riccione-7-1280x855.jpg\" data-title=\"Hotel Novecento Riccione (7)\" title=\"Hotel Novecento Riccione (7)\" target=\"\" data-size=\"1280x1128\"><img loading=\"lazy\" decoding=\"async\" width=\"360\" height=\"270\" src=\"https:\/\/www.hotelnovecento.it\/wp-content\/uploads\/2015\/05\/hotel-novecento-riccione-7-360x270.jpg\" class=\"attachment-thumbnail size-thumbnail\" alt=\"\" data-type=\"wpmfgalleryimg\" data-lazy-src=\"0\" srcset=\"https:\/\/www.hotelnovecento.it\/wp-content\/uploads\/2015\/05\/hotel-novecento-riccione-7-360x270.jpg 360w, https:\/\/www.hotelnovecento.it\/wp-content\/uploads\/2015\/05\/hotel-novecento-riccione-7-640x480.jpg 640w\" sizes=\"auto, (max-width: 360px) 100vw, 360px\" \/><\/a><\/div><\/div><\/div><\/div>\n\n","protected":false},"excerpt":{"rendered":"<p>Jeder Moment des Tages ist sch\u00f6ner im Wasser DAS HOTEL NOVECENTO VERF\u00dcGT \u00dcBER EINEN HERRLICHEN 50 QM GROSSEN POOL. Ab 11 Uhr liegt der Pool direkt in der Sonne. Erleben Sie die Sonnenterrasse, entspannenSie sich auf den Holzliegen und genie\u00dfen Sie den Meerblick, der von hier aus wirklich beeindruckend ist. Es ist Ihr Urlaub und [&hellip;]<\/p>\n","protected":false},"author":5,"featured_media":0,"parent":0,"menu_order":0,"comment_status":"closed","ping_status":"closed","template":"","meta":{"_acf_changed":false},"class_list":["post-1812","page","type-page","status-publish","hentry"],"acf":[],"aioseo_notices":[],"_links":{"self":[{"href":"https:\/\/www.hotelnovecento.it\/de\/wp-json\/wp\/v2\/pages\/1812","targetHints":{"allow":["GET"]}}],"collection":[{"href":"https:\/\/www.hotelnovecento.it\/de\/wp-json\/wp\/v2\/pages"}],"about":[{"href":"https:\/\/www.hotelnovecento.it\/de\/wp-json\/wp\/v2\/types\/page"}],"author":[{"embeddable":true,"href":"https:\/\/www.hotelnovecento.it\/de\/wp-json\/wp\/v2\/users\/5"}],"replies":[{"embeddable":true,"href":"https:\/\/www.hotelnovecento.it\/de\/wp-json\/wp\/v2\/comments?post=1812"}],"version-history":[{"count":0,"href":"https:\/\/www.hotelnovecento.it\/de\/wp-json\/wp\/v2\/pages\/1812\/revisions"}],"wp:attachment":[{"href":"https:\/\/www.hotelnovecento.it\/de\/wp-json\/wp\/v2\/media?parent=1812"}],"curies":[{"name":"wp","href":"https:\/\/api.w.org\/{rel}","templated":true}]}}