{"id":1744,"date":"2014-04-30T11:31:57","date_gmt":"2014-04-30T09:31:57","guid":{"rendered":"https:\/\/www.hotelnovecento.it\/offerte-hotel-riccione\/"},"modified":"2017-03-06T17:40:20","modified_gmt":"2017-03-06T16:40:20","slug":"angebote-hotel-riccione","status":"publish","type":"page","link":"https:\/\/www.hotelnovecento.it\/de\/angebote-hotel-riccione\/","title":{"rendered":"Die Besten Last-Minute-Angebote in Riccione"},"content":{"rendered":"<p>Wir sind am Meer und bieten das Beste f\u00fcr einen Urlaub mit Kindern, einen Paar-Urlaub oder eine Gesch\u00e4ftsreise.<\/p>\n<p><strong><a href=\"\/?page_id=53\">W\u00e4hlen Sie das f\u00fcr Sie passende Angebot aus und reservieren Sie Ihren Urlaub!<\/a><\/strong><\/p>\n","protected":false},"excerpt":{"rendered":"<p>Wir sind am Meer und bieten das Beste f\u00fcr einen Urlaub mit Kindern, einen Paar-Urlaub oder eine Gesch\u00e4ftsreise. W\u00e4hlen Sie das f\u00fcr Sie passende Angebot aus und reservieren Sie Ihren Urlaub!<\/p>\n","protected":false},"author":1,"featured_media":0,"parent":0,"menu_order":0,"comment_status":"closed","ping_status":"closed","template":"template.offerte.php","meta":{"_acf_changed":false},"class_list":["post-1744","page","type-page","status-publish","hentry"],"acf":[],"aioseo_notices":[],"_links":{"self":[{"href":"https:\/\/www.hotelnovecento.it\/de\/wp-json\/wp\/v2\/pages\/1744","targetHints":{"allow":["GET"]}}],"collection":[{"href":"https:\/\/www.hotelnovecento.it\/de\/wp-json\/wp\/v2\/pages"}],"about":[{"href":"https:\/\/www.hotelnovecento.it\/de\/wp-json\/wp\/v2\/types\/page"}],"author":[{"embeddable":true,"href":"https:\/\/www.hotelnovecento.it\/de\/wp-json\/wp\/v2\/users\/1"}],"replies":[{"embeddable":true,"href":"https:\/\/www.hotelnovecento.it\/de\/wp-json\/wp\/v2\/comments?post=1744"}],"version-history":[{"count":0,"href":"https:\/\/www.hotelnovecento.it\/de\/wp-json\/wp\/v2\/pages\/1744\/revisions"}],"wp:attachment":[{"href":"https:\/\/www.hotelnovecento.it\/de\/wp-json\/wp\/v2\/media?parent=1744"}],"curies":[{"name":"wp","href":"https:\/\/api.w.org\/{rel}","templated":true}]}}