{"id":1739,"date":"2015-05-12T14:43:12","date_gmt":"2015-05-12T12:43:12","guid":{"rendered":"https:\/\/www.hotelnovecento.it\/dormire-a-riccione\/"},"modified":"2023-02-01T15:12:19","modified_gmt":"2023-02-01T14:12:19","slug":"schlaf-a-riccione","status":"publish","type":"page","link":"https:\/\/www.hotelnovecento.it\/de\/schlaf-a-riccione\/","title":{"rendered":"HOTEL MIT ZIMMERN MIT MEER- ODER H\u00dcGELBLICK"},"content":{"rendered":"<h2 style=\"text-align: center;\">Edles Design mit Charme<\/h2>\n<p style=\"text-align: center;\">Urspr\u00fcnglich als Luxusresidenz im Jahr 1927 geboren, <strong>ist das Hotel Novecento heute ein historisches Juwel im Liberty-Stil<\/strong>. Um den Charme und die Pracht der 1930er Jahre zu bewahren, haben wir die Struktur renoviert, wobei die eleganten Dekorationen, die weichen Linien und die raffinierten Umgebungen, aus denen sie besteht, erhalten blieben.<\/p>\n<p style=\"text-align: center;\">Auch die Zimmer sind eine Hommage an die Entwicklung des Hotels im Laufe der Zeit und respektieren seine historische Baudynamik in Bezug auf Raum und Gr\u00f6\u00dfe. Wir m\u00f6chten daher darauf hinweisen, dass, obwohl derselbe Zimmertyp die M\u00f6bel, die Einrichtung, die Materialien, die Oberfl\u00e4chen und die Gr\u00f6\u00dfe gemeinsam hat, <strong>jedes Zimmer tats\u00e4chlich einzigartig in der Anordnung der Elemente ist und eine unverwechselbare Pers\u00f6nlichkeit hat<\/strong>.<\/p>\n<p style=\"text-align: center;\">Um Ihnen bei der Auswahl der f\u00fcr Ihre Bed\u00fcrfnisse am besten geeigneten L\u00f6sung zu helfen, haben wir f\u00fcr jeden Zimmertyp eine Karte und eine Auswahl von Fotos beigef\u00fcgt, die nur beispielhaft sind. Haben Sie irgendwelche Zweifel? Kontaktieren Sie uns, wir bieten Ihnen gerne das beste Erlebnis f\u00fcr Sie.<\/p>\n<p style=\"text-align: center;\"><strong>Das Novecento Hotel liegt nicht in der ersten Meereslinie<\/strong>, sondern nur 20 Meter vom Beginn des Strandes entfernt. Auch die Lage m\u00f6chte Ihnen neben der eigent\u00fcmlichen Jugendstilarchitektur das Gef\u00fchl vermitteln, die vergangene Pracht der Riviera wiederzuerleben.<br \/>\nM\u00f6chten Sie sich in einem Zimmer mit seitlichem Meerblick ausruhen?<br \/>\nDenken Sie daran, uns dies in der Kostenvoranschlagsphase mitzuteilen. Es ist eine der am h\u00e4ufigsten nachgefragten L\u00f6sungen und aus diesem Grund k\u00f6nnen wir seine Verf\u00fcgbarkeit nicht garantieren.<\/p>\n","protected":false},"excerpt":{"rendered":"<p>Edles Design mit Charme Urspr\u00fcnglich als Luxusresidenz im Jahr 1927 geboren, ist das Hotel Novecento heute ein historisches Juwel im Liberty-Stil. Um den Charme und die Pracht der 1930er Jahre zu bewahren, haben wir die Struktur renoviert, wobei die eleganten Dekorationen, die weichen Linien und die raffinierten Umgebungen, aus denen sie besteht, erhalten blieben. Auch [&hellip;]<\/p>\n","protected":false},"author":5,"featured_media":0,"parent":0,"menu_order":0,"comment_status":"closed","ping_status":"closed","template":"template.camere.php","meta":{"_acf_changed":false},"class_list":["post-1739","page","type-page","status-publish","hentry"],"acf":[],"aioseo_notices":[],"_links":{"self":[{"href":"https:\/\/www.hotelnovecento.it\/de\/wp-json\/wp\/v2\/pages\/1739","targetHints":{"allow":["GET"]}}],"collection":[{"href":"https:\/\/www.hotelnovecento.it\/de\/wp-json\/wp\/v2\/pages"}],"about":[{"href":"https:\/\/www.hotelnovecento.it\/de\/wp-json\/wp\/v2\/types\/page"}],"author":[{"embeddable":true,"href":"https:\/\/www.hotelnovecento.it\/de\/wp-json\/wp\/v2\/users\/5"}],"replies":[{"embeddable":true,"href":"https:\/\/www.hotelnovecento.it\/de\/wp-json\/wp\/v2\/comments?post=1739"}],"version-history":[{"count":0,"href":"https:\/\/www.hotelnovecento.it\/de\/wp-json\/wp\/v2\/pages\/1739\/revisions"}],"wp:attachment":[{"href":"https:\/\/www.hotelnovecento.it\/de\/wp-json\/wp\/v2\/media?parent=1739"}],"curies":[{"name":"wp","href":"https:\/\/api.w.org\/{rel}","templated":true}]}}