{"id":1732,"date":"2013-07-09T12:41:08","date_gmt":"2013-07-09T12:41:08","guid":{"rendered":"https:\/\/www.hotelnovecento.it\/home\/"},"modified":"2023-12-27T18:00:46","modified_gmt":"2023-12-27T17:00:46","slug":"home","status":"publish","type":"page","link":"https:\/\/www.hotelnovecento.it\/de\/","title":{"rendered":"Ihr Hotel B&#038;B am Meer in Riccione"},"content":{"rendered":"<div class=\"row\">\n<div class=\"col-md-6\">\n<h2>Struktur und Lage<\/h2>\n<p>Das <strong>No<a href=\"https:\/\/www.hotelnovecento.it\/de\/historischen-wohnsitzes-riccione\/\">vecento ist ein elegantes, vollst\u00e4ndig renoviertes Jugendstil-Hotel\u00a0<\/a><\/strong>in Riccione, in einer ruhigen und <a href=\"https:\/\/www.hotelnovecento.it\/de\/riccione\/\"><strong>exklusiven Zone von Riccione<\/strong><\/a>, nur 20vom Strand und nur 10 Minuten zu Fu\u00df vom Zentrum und von der Viale Ceccarini.<\/p>\n<p>Das Novecento ist ein Hotel, in dem Sie in Sommier-Betten schlafen und an den Events teilnehmen k\u00f6nnen, die w\u00e4hrend Ihres Urlaubs geboten werden.<\/p>\n<\/div>\n<div class=\"col-md-6\">\n<p>Sie k\u00f6nnen Ihr Auto auf dem <a href=\"https:\/\/www.hotelnovecento.it\/de\/parkplatz\/\"><strong>reservierten Parkplatz <\/strong><\/a>abstellen und Riccione und seine versteckten Ecken erkunden, <a href=\"https:\/\/www.hotelnovecento.it\/de\/fahrradbenutzung\/\"><strong>wobei Sie die Fahrr\u00e4der<\/strong><\/a>, die unseren G\u00e4sten zur Verf\u00fcgung gestellt werden, kostenlos benutzen k\u00f6nnen.<\/p>\n<p>Dies ist Ihr Hotel mit beheiztem Swimmingpool mit Salzwasser und Hydromassage.<br \/>\nWir m\u00f6chten Ihnen Emotionen schenken, um Sie in Urlaubslaune zu versetzen.<\/p>\n<h3>Wir m\u00f6chten Ihnen Emotionen schenken, um Sie in Urlaubslaune zu versetzen.<\/h3>\n<\/div>\n<\/div>\n","protected":false},"excerpt":{"rendered":"<p>Struktur und Lage Das Novecento ist ein elegantes, vollst\u00e4ndig renoviertes Jugendstil-Hotel\u00a0in Riccione, in einer ruhigen und exklusiven Zone von Riccione, nur 20vom Strand und nur 10 Minuten zu Fu\u00df vom Zentrum und von der Viale Ceccarini. Das Novecento ist ein Hotel, in dem Sie in Sommier-Betten schlafen und an den Events teilnehmen k\u00f6nnen, die w\u00e4hrend [&hellip;]<\/p>\n","protected":false},"author":1,"featured_media":0,"parent":0,"menu_order":3,"comment_status":"closed","ping_status":"closed","template":"","meta":{"_acf_changed":false},"class_list":["post-1732","page","type-page","status-publish","hentry"],"acf":[],"aioseo_notices":[],"_links":{"self":[{"href":"https:\/\/www.hotelnovecento.it\/de\/wp-json\/wp\/v2\/pages\/1732","targetHints":{"allow":["GET"]}}],"collection":[{"href":"https:\/\/www.hotelnovecento.it\/de\/wp-json\/wp\/v2\/pages"}],"about":[{"href":"https:\/\/www.hotelnovecento.it\/de\/wp-json\/wp\/v2\/types\/page"}],"author":[{"embeddable":true,"href":"https:\/\/www.hotelnovecento.it\/de\/wp-json\/wp\/v2\/users\/1"}],"replies":[{"embeddable":true,"href":"https:\/\/www.hotelnovecento.it\/de\/wp-json\/wp\/v2\/comments?post=1732"}],"version-history":[{"count":0,"href":"https:\/\/www.hotelnovecento.it\/de\/wp-json\/wp\/v2\/pages\/1732\/revisions"}],"wp:attachment":[{"href":"https:\/\/www.hotelnovecento.it\/de\/wp-json\/wp\/v2\/media?parent=1732"}],"curies":[{"name":"wp","href":"https:\/\/api.w.org\/{rel}","templated":true}]}}